{"id":1148,"date":"2015-12-31T12:14:14","date_gmt":"2015-12-31T11:14:14","guid":{"rendered":"http:\/\/dossenberger.de\/?page_id=1148"},"modified":"2020-06-14T08:35:34","modified_gmt":"2020-06-14T06:35:34","slug":"einsteinchen","status":"publish","type":"page","link":"https:\/\/dossenberger.de\/?page_id=1148","title":{"rendered":"Einsteinchen"},"content":{"rendered":"<p><strong>Was ist das?<\/strong><\/p>\n<p>Einsteinchen ist ein schulinterner Mathematikwettbewerb in Form mathematischer R\u00e4tselaufgaben.<\/p>\n<p><strong>F\u00fcr wen?<\/strong><\/p>\n<p>Die R\u00e4tselaufgaben sind gedacht f\u00fcr Sch\u00fclerinnen und Sch\u00fcler der Klassen 5, 6 und 7.<\/p>\n<p><strong>Wie kann ich mitmachen?<\/strong><\/p>\n<p>Jeweils am ersten Schultag eines Monats wird eine neue Aufgabe ver\u00f6ffentlicht. Gleichzeitig erscheint die L\u00f6sung zum Problem des Vormonats. Selbstverst\u00e4ndlich erfolgt sofort nach der Auswertung der Aushang einer Siegertafel im Schaukasten.<\/p>\n<table>\n<tbody>\n<tr>\n<td><img loading=\"lazy\" decoding=\"async\" class=\"alignleft wp-image-1151\" src=\"https:\/\/dossenberger.de\/wp-content\/uploads\/2015\/12\/einsteinchen_kl.jpg\" alt=\"einsteinchen_kl\" width=\"171\" height=\"165\"><\/td>\n<\/tr>\n<\/tbody>\n<\/table>\n<p><strong>Aktuelle Aufgabe:<\/strong><br \/>\n<a href=\"https:\/\/dossenberger.de\/?download=1153\" target=\"_blank\" rel=\"noopener noreferrer\">Einsteinchen Juni 2020<\/a><\/p>\n<p><strong>L\u00f6sungen der letzten beiden Aufgaben:<\/strong><br \/>\n<a href=\"https:\/\/dossenberger.de\/?download=1156\" target=\"_blank\" rel=\"noopener noreferrer\"> L\u00f6sung Mai 2020<\/a><\/p>\n<p>&nbsp;<\/p>\n","protected":false},"excerpt":{"rendered":"<p>Was ist das? Einsteinchen ist ein schulinterner Mathematikwettbewerb in Form mathematischer R\u00e4tselaufgaben. F\u00fcr wen? Die R\u00e4tselaufgaben sind gedacht f\u00fcr Sch\u00fclerinnen<\/p>\n","protected":false},"author":1,"featured_media":0,"parent":1132,"menu_order":0,"comment_status":"closed","ping_status":"closed","template":"","meta":{"colormag_page_container_layout":"default_layout","colormag_page_sidebar_layout":"default_layout","ngg_post_thumbnail":0,"_price":"","_stock":"","_tribe_ticket_header":"","_tribe_default_ticket_provider":"","_tribe_ticket_capacity":"0","_ticket_start_date":"","_ticket_end_date":"","_tribe_ticket_show_description":"","_tribe_ticket_show_not_going":false,"_tribe_ticket_use_global_stock":"","_tribe_ticket_global_stock_level":"","_global_stock_mode":"","_global_stock_cap":"","_tribe_rsvp_for_event":"","_tribe_ticket_going_count":"","_tribe_ticket_not_going_count":"","_tribe_tickets_list":"[]","_tribe_ticket_has_attendee_info_fields":false,"footnotes":"","_tec_slr_enabled":"","_tec_slr_layout":""},"class_list":["post-1148","page","type-page","status-publish","hentry"],"ticketed":false,"_links":{"self":[{"href":"https:\/\/dossenberger.de\/index.php?rest_route=\/wp\/v2\/pages\/1148","targetHints":{"allow":["GET"]}}],"collection":[{"href":"https:\/\/dossenberger.de\/index.php?rest_route=\/wp\/v2\/pages"}],"about":[{"href":"https:\/\/dossenberger.de\/index.php?rest_route=\/wp\/v2\/types\/page"}],"author":[{"embeddable":true,"href":"https:\/\/dossenberger.de\/index.php?rest_route=\/wp\/v2\/users\/1"}],"replies":[{"embeddable":true,"href":"https:\/\/dossenberger.de\/index.php?rest_route=%2Fwp%2Fv2%2Fcomments&post=1148"}],"version-history":[{"count":51,"href":"https:\/\/dossenberger.de\/index.php?rest_route=\/wp\/v2\/pages\/1148\/revisions"}],"predecessor-version":[{"id":9277,"href":"https:\/\/dossenberger.de\/index.php?rest_route=\/wp\/v2\/pages\/1148\/revisions\/9277"}],"up":[{"embeddable":true,"href":"https:\/\/dossenberger.de\/index.php?rest_route=\/wp\/v2\/pages\/1132"}],"wp:attachment":[{"href":"https:\/\/dossenberger.de\/index.php?rest_route=%2Fwp%2Fv2%2Fmedia&parent=1148"}],"curies":[{"name":"wp","href":"https:\/\/api.w.org\/{rel}","templated":true}]}}