{"id":11880,"date":"2022-04-07T18:24:14","date_gmt":"2022-04-07T16:24:14","guid":{"rendered":"https:\/\/dossenberger.de\/?page_id=11880"},"modified":"2022-04-08T11:21:09","modified_gmt":"2022-04-08T09:21:09","slug":"miteinander-fuereinander-unsere-tutoren-stellen-sich-vor","status":"publish","type":"page","link":"https:\/\/dossenberger.de\/?page_id=11880","title":{"rendered":"Miteinander- F\u00fcreinander: Unsere Tutoren stellen sich vor"},"content":{"rendered":"\n<p><img loading=\"lazy\" decoding=\"async\" class=\"aligncenter size-full wp-image-11881\" src=\"https:\/\/dossenberger.de\/wp-content\/uploads\/2022\/04\/Tutoren2021-22.jpg\" alt=\"\" width=\"800\" height=\"413\" srcset=\"https:\/\/dossenberger.de\/wp-content\/uploads\/2022\/04\/Tutoren2021-22.jpg 800w, https:\/\/dossenberger.de\/wp-content\/uploads\/2022\/04\/Tutoren2021-22-300x155.jpg 300w, https:\/\/dossenberger.de\/wp-content\/uploads\/2022\/04\/Tutoren2021-22-768x396.jpg 768w\" sizes=\"auto, (max-width: 800px) 100vw, 800px\" \/><\/p>\n<p>Der Begriff \u201eTutor\u201c stammt urspr\u00fcnglich aus dem Lateinischen und wird von dem Wort \u201etueri\u201c abgeleitet, was so viel bedeutet wie \u201esch\u00fctzen\u201c. Ein Tutor ist demnach ein Besch\u00fctzer, die Sch\u00fctzlinge sind dabei die Sch\u00fclerinnen und Sch\u00fcler der 5. Jahrgangsstufe. Ohne die Tutoren aus den h\u00f6heren Klassen w\u00fcrden sich die Neuank\u00f6mmlinge in den ersten Wochen am \u201eDossi\u201c sicherlich nicht so schnell zurecht finden wie mit ihren Tutorinnen und Tutoren. Bereits am Kennenlernnachmittag, an dem viele unserer zuk\u00fcnftigen F\u00fcnftkl\u00e4ssler sich als Viertkl\u00e4ssler schon einmal unsere Schule ansehen, lernen sie neben ihren Klassenlehrern einige ihre \u201eBesch\u00fctzer\u201c kennen, die sie den Nachmittag lang begleiten.<\/p>\n<p>Die erste offizielle Aufgaben der Tutoren nach der Begr\u00fc\u00dfung am ersten Schultag ist die Unterst\u00fctzung ihrer Sch\u00fctzlinge bei der Suche nach dem richtigen Bus: Die gesamte erste Schulwoche \u00fcber bieten unsere Tutoren einen ganz besonderen Service und lotsen die 5.-Kl\u00e4ssler am Unterrichtsende auf Wunsch zu den richtigen Bushaltestellen. Weitere Aufgaben der Tutoren sind die Planung, Organisation und Durchf\u00fchrung verschiedener Aktionen \u00fcber das Schuljahr hinweg. Dazu z\u00e4hlt u.a. eine Weihnachtsfeier, eine Bastelaktion zu Ostern oder das Mitwirken als \u201eWegweiser\u201c am Tag der offenen T\u00fcr. Daneben sind sie in allen Pausen sowie vor und nach dem Unterricht Ansprechpartner bei Fragen und Problemen.<\/p>\n<p>Verantwortung \u2013 Vorbildfunktion \u2013 Freude am sozialen Engagement. \u201eTutor sein&#8221; ist eine zeitintensive, verantwortungsvolle Aufgabe. Daher fand in diesem Schuljahr Ende M\u00e4rz zum ersten Mal eine zweit\u00e4gig Schulung der Tutoren statt, um sie noch intensiver auf ihre Aufgaben vorzubereiten und sie untereinander besser zu vernetzen.<\/p>\n<p>Sage und schreibe 50 Tutoren aus den Klassen 7-11 stehen unseren Neuank\u00f6mmlingen k\u00fcnftig mit Rat und Tat zur Seite. F\u00fcr jede unserer f\u00fcnften Klassen wird es ein Team aus 8-10 Tutoren geben, die sich im Laufe des Schuljahres ganz besonders um \u201eihre\u201c Klasse k\u00fcmmern. Betreut und begleitet werden die Teams dabei von Unterstufenbetreuerin Frau K\u00e4ufler.<\/p>\n<p>Doch nicht nur die j\u00fcngeren Sch\u00fcler, auch die Tutoren selbst profitieren von der Mithilfe: Sie erhalten durch ihr soziales Engagement Anerkennung und erwerben Kompetenzen wie Verantwortungsbewusstsein, Teamf\u00e4higkeit und Toleranzbereitschaft, die heute zu den Schl\u00fcsselqualifikationen z\u00e4hlen, die in und au\u00dferhalb der Schule eine wesentliche Rolle spielen. Tutoren lernen Verantwortung zu \u00fcbernehmen, gestalten aktiv das Schulleben mit, treten in Kommunikation mit anderen Sch\u00fclern, Lehrern, Direktorat und Eltern. Sie lernen im Team zu arbeiten und mit Konfliktsituation umzugehen. Nicht zuletzt entlasten sie auch die Lehrkr\u00e4fte. F\u00fcr ihr Engagement erhalten die Tutoren schlie\u00dflich ein Zertifikat, dass sich zuk\u00fcnftig sicherlich gut in ihren Bewerbungsunterlagen macht.<br>Unsere Tutoren tragen dazu bei, eine gute und vertrauensvolle Atmosph\u00e4re an unserem \u201eDossi\u201c zu schaffen und erfahren Schule dabei als wirklichen Lebensraum.<\/p>\n<h4>&nbsp;<\/h4>\n<h4>Aktivit\u00e4ten 2022<\/h4>\n<p><a href=\"https:\/\/dossenberger.de\/?p=11904\">Tutorenschulung am Dossi<\/a><\/p>\n<p><a href=\"https:\/\/dossenberger.de\/?p=11909\">Ei like to move it! &#8211; Osteraktion mit den Umweltklassen<\/a><\/p>\n","protected":false},"excerpt":{"rendered":"<p>Der Begriff \u201eTutor\u201c stammt urspr\u00fcnglich aus dem Lateinischen und wird von dem Wort \u201etueri\u201c abgeleitet, was so viel bedeutet wie<\/p>\n","protected":false},"author":2,"featured_media":0,"parent":0,"menu_order":0,"comment_status":"closed","ping_status":"closed","template":"","meta":{"colormag_page_container_layout":"default_layout","colormag_page_sidebar_layout":"default_layout","ngg_post_thumbnail":0,"_price":"","_stock":"","_tribe_ticket_header":"","_tribe_default_ticket_provider":"","_tribe_ticket_capacity":"0","_ticket_start_date":"","_ticket_end_date":"","_tribe_ticket_show_description":"","_tribe_ticket_show_not_going":false,"_tribe_ticket_use_global_stock":"","_tribe_ticket_global_stock_level":"","_global_stock_mode":"","_global_stock_cap":"","_tribe_rsvp_for_event":"","_tribe_ticket_going_count":"","_tribe_ticket_not_going_count":"","_tribe_tickets_list":"[]","_tribe_ticket_has_attendee_info_fields":false,"footnotes":"","_tec_slr_enabled":"","_tec_slr_layout":""},"class_list":["post-11880","page","type-page","status-publish","hentry"],"ticketed":false,"_links":{"self":[{"href":"https:\/\/dossenberger.de\/index.php?rest_route=\/wp\/v2\/pages\/11880","targetHints":{"allow":["GET"]}}],"collection":[{"href":"https:\/\/dossenberger.de\/index.php?rest_route=\/wp\/v2\/pages"}],"about":[{"href":"https:\/\/dossenberger.de\/index.php?rest_route=\/wp\/v2\/types\/page"}],"author":[{"embeddable":true,"href":"https:\/\/dossenberger.de\/index.php?rest_route=\/wp\/v2\/users\/2"}],"replies":[{"embeddable":true,"href":"https:\/\/dossenberger.de\/index.php?rest_route=%2Fwp%2Fv2%2Fcomments&post=11880"}],"version-history":[{"count":4,"href":"https:\/\/dossenberger.de\/index.php?rest_route=\/wp\/v2\/pages\/11880\/revisions"}],"predecessor-version":[{"id":11913,"href":"https:\/\/dossenberger.de\/index.php?rest_route=\/wp\/v2\/pages\/11880\/revisions\/11913"}],"wp:attachment":[{"href":"https:\/\/dossenberger.de\/index.php?rest_route=%2Fwp%2Fv2%2Fmedia&parent=11880"}],"curies":[{"name":"wp","href":"https:\/\/api.w.org\/{rel}","templated":true}]}}