{"id":1201,"date":"2015-12-31T12:50:17","date_gmt":"2015-12-31T11:50:17","guid":{"rendered":"http:\/\/dossenberger.de\/?page_id=1201"},"modified":"2015-12-31T12:51:34","modified_gmt":"2015-12-31T11:51:34","slug":"musical","status":"publish","type":"page","link":"https:\/\/dossenberger.de\/?page_id=1201","title":{"rendered":"Musical"},"content":{"rendered":"<p>Seit 2008 stellen wir im 2-j\u00e4hrigen Turnus in einer gro\u00dfartigen Gemeinschaftleistung aller Ensembles der Mittel- und Oberstufe unserer Schule ein Musical auf die Beine. Um unsere Vorf\u00fchrungen, als Ziel langer Arbeit, zu einem wirklichen schulischen Gemeinschaftserlebnis werden zu lassen, legen wir dabei, in enger Zusammenarbeit mit der Schulleitung, unser Augenmerk auch auf zwei au\u00dfermusikalische Aspekte:<\/p>\n<ul>\n<li>M\u00f6glichst viele Eigenleistungen der Sch\u00fcler, zum Beispiel in den Bereichen Regie, Choreographie, Organisation und Konzeption;<\/li>\n<li>Probendispositionen, die f\u00fcr die Mitwirkenden eine Ausgewogenheit zwischen Einsatz und Zeit bedeuten und somit den Ausfall von regul\u00e4rem Unterricht auf ein Minimum begrenzen;<\/li>\n<\/ul>\n<p><img loading=\"lazy\" decoding=\"async\" class=\"aligncenter size-full wp-image-1203\" src=\"https:\/\/dossenberger.de\/wp-content\/uploads\/2015\/12\/hair.jpg\" alt=\"hair\" width=\"250\" height=\"352\" srcset=\"https:\/\/dossenberger.de\/wp-content\/uploads\/2015\/12\/hair.jpg 250w, https:\/\/dossenberger.de\/wp-content\/uploads\/2015\/12\/hair-213x300.jpg 213w\" sizes=\"auto, (max-width: 250px) 100vw, 250px\" \/><br \/>\nSeit 2010 wird f\u00fcr das aktuelle Musical an der Schule jeweils ein P-Seminar \u201cMusiktheater\u201d angeboten, welches die Konzeption und Ausarbeitung eines B\u00fchnenwerkes vorbereitet und begleitet. Dies ist der Ort f\u00fcr die Ideenfindung, um Tragik, Komik und Lebensfreude eines B\u00fchnenwerkes unter Einbeziehung der aktuellen Lebenswirklichkeit und mit unseren musikalisch \u2013 k\u00fcnstlerischen Mitteln auf die B\u00fchnen zu stellen. Und die Ergebnisse k\u00f6nnen sich sehen und vor allem h\u00f6ren lassen:<\/p>\n<ul>\n<li>2008:\u00a0\u00a0 Tin Pan Ali<\/li>\n<li>2010:\u00a0\u00a0\u00a0 East Side Tragedy<\/li>\n<li>2012:\u00a0\u00a0\u00a0 Hair<\/li>\n<li>2014:\u00a0\u00a0\u00a0 Grease<\/li>\n<\/ul>\n<p>M\u00f6ge die sch\u00f6ne Tradition an unserer Schule Bestand haben. Aktuelle Informationen zu unserem n\u00e4chsten Musical erhalten Sie bald an dieser Stelle!<\/p>\n<p><em>Neuburger<\/em><\/p>\n","protected":false},"excerpt":{"rendered":"<p>Seit 2008 stellen wir im 2-j\u00e4hrigen Turnus in einer gro\u00dfartigen Gemeinschaftleistung aller Ensembles der Mittel- und Oberstufe unserer Schule ein<\/p>\n","protected":false},"author":1,"featured_media":0,"parent":1188,"menu_order":0,"comment_status":"closed","ping_status":"closed","template":"","meta":{"colormag_page_container_layout":"default_layout","colormag_page_sidebar_layout":"default_layout","ngg_post_thumbnail":0,"_price":"","_stock":"","_tribe_ticket_header":"","_tribe_default_ticket_provider":"","_tribe_ticket_capacity":"0","_ticket_start_date":"","_ticket_end_date":"","_tribe_ticket_show_description":"","_tribe_ticket_show_not_going":false,"_tribe_ticket_use_global_stock":"","_tribe_ticket_global_stock_level":"","_global_stock_mode":"","_global_stock_cap":"","_tribe_rsvp_for_event":"","_tribe_ticket_going_count":"","_tribe_ticket_not_going_count":"","_tribe_tickets_list":"[]","_tribe_ticket_has_attendee_info_fields":false,"footnotes":"","_tec_slr_enabled":"","_tec_slr_layout":""},"class_list":["post-1201","page","type-page","status-publish","hentry"],"ticketed":false,"_links":{"self":[{"href":"https:\/\/dossenberger.de\/index.php?rest_route=\/wp\/v2\/pages\/1201","targetHints":{"allow":["GET"]}}],"collection":[{"href":"https:\/\/dossenberger.de\/index.php?rest_route=\/wp\/v2\/pages"}],"about":[{"href":"https:\/\/dossenberger.de\/index.php?rest_route=\/wp\/v2\/types\/page"}],"author":[{"embeddable":true,"href":"https:\/\/dossenberger.de\/index.php?rest_route=\/wp\/v2\/users\/1"}],"replies":[{"embeddable":true,"href":"https:\/\/dossenberger.de\/index.php?rest_route=%2Fwp%2Fv2%2Fcomments&post=1201"}],"version-history":[{"count":3,"href":"https:\/\/dossenberger.de\/index.php?rest_route=\/wp\/v2\/pages\/1201\/revisions"}],"predecessor-version":[{"id":1205,"href":"https:\/\/dossenberger.de\/index.php?rest_route=\/wp\/v2\/pages\/1201\/revisions\/1205"}],"up":[{"embeddable":true,"href":"https:\/\/dossenberger.de\/index.php?rest_route=\/wp\/v2\/pages\/1188"}],"wp:attachment":[{"href":"https:\/\/dossenberger.de\/index.php?rest_route=%2Fwp%2Fv2%2Fmedia&parent=1201"}],"curies":[{"name":"wp","href":"https:\/\/api.w.org\/{rel}","templated":true}]}}