{"id":1365,"date":"2016-01-01T10:10:48","date_gmt":"2016-01-01T09:10:48","guid":{"rendered":"http:\/\/dossenberger.de\/?page_id=1365"},"modified":"2016-01-01T10:12:18","modified_gmt":"2016-01-01T09:12:18","slug":"warum-wirtschaft-und-recht","status":"publish","type":"page","link":"https:\/\/dossenberger.de\/?page_id=1365","title":{"rendered":"Warum Wirtschaft und Recht?"},"content":{"rendered":"<p>\u00d6konomische Bildung verdeutlicht den Jugendlichen, dass es bei vielen Entscheidungen letztlich um ein Abw\u00e4gen von Aufwand und Nutzen geht. Dabei sollen sie \u00fcber die individuelle und kurzfristige Betrachtung hinaus auch globale, langfristige sowie immaterielle Aspekte der \u00f6konomischen Entscheidung bedenken. Dabei werden vor allem folgende fachbezogene Grundkompetenzen vermittelt:<\/p>\n<ul>\n<li>mit Zahlen, Fachtexten und Graphiken arbeiten: Informationen beschaffen, auswerten, aufbereiten, argumentieren, pr\u00e4sentieren<\/li>\n<li>L\u00f6sungsstrategien entwickeln und rationale Entscheidungen treffen: bewerten, beurteilen, entscheiden<\/li>\n<li>in Modellen denken: zusammenfassen, vereinfachen, strukturieren, anwenden<\/li>\n<li>vernetzt denken: komplexe Einflussfaktoren erfassen, Zusammenh\u00e4nge herstellen<\/li>\n<li>Arbeit organisieren: Arbeitsabl\u00e4ufe analysieren, strukturieren, evaluieren<\/li>\n<\/ul>\n<p>Die Frage \u201eWie finde ich den passenden Beruf?\u201c hat eine zentrale Stellung in den Themenkomplexen des Faches Wirtschaft und Recht, denn die Berufswahl hat f\u00fcr den Lebensentwurf, Selbstwertgef\u00fchl und Selbstverst\u00e4ndnis der Jugendlichen eine herausragende Bedeutung. Neben einem \u00dcberblick \u00fcber schulische und berufliche Bildungswege gibt das Fach Wirtschaft und Recht mit seiner Praxisn\u00e4he Einblicke in die Arbeitswelt und damit eine wesentliche Hilfestellung zur beruflichen Orientierung.<br \/>\nMit diesem Praxisbezug hat das Fach eine Schl\u00fcsselstellung im Kontakt der Schule zur Arbeitswelt. Dieser wird z. B. durch Betriebserkundungen, Expertenreferate und Betriebspraktika gepflegt. Aber auch innerhalb des Schullebens lassen sich z. B. SMV-T\u00e4tigkeit oder die Gr\u00fcndung eines Sch\u00fclerunternehmens als praxisbezogener wirtschaftlicher Handlungsrahmen nutzen. Als simulierte Wirklichkeit haben Planspiel und Fallstudie im Unterricht einen hohen Stellenwert.<\/p>\n<p>Weitere Informationen: <a href=\"http:\/\/www.isb-gym8-lehrplan.de\/contentserv\/3.1.neu\/g8.de\/index.php?StoryID=26398\" target=\"_blank\">siehe Staatsinstituts f\u00fcr Schulqualit\u00e4t und Bildungsforschung<\/a><\/p>\n","protected":false},"excerpt":{"rendered":"<p>\u00d6konomische Bildung verdeutlicht den Jugendlichen, dass es bei vielen Entscheidungen letztlich um ein Abw\u00e4gen von Aufwand und Nutzen geht. Dabei<\/p>\n","protected":false},"author":1,"featured_media":0,"parent":1361,"menu_order":0,"comment_status":"closed","ping_status":"closed","template":"","meta":{"colormag_page_container_layout":"default_layout","colormag_page_sidebar_layout":"default_layout","ngg_post_thumbnail":0,"_price":"","_stock":"","_tribe_ticket_header":"","_tribe_default_ticket_provider":"","_tribe_ticket_capacity":"0","_ticket_start_date":"","_ticket_end_date":"","_tribe_ticket_show_description":"","_tribe_ticket_show_not_going":false,"_tribe_ticket_use_global_stock":"","_tribe_ticket_global_stock_level":"","_global_stock_mode":"","_global_stock_cap":"","_tribe_rsvp_for_event":"","_tribe_ticket_going_count":"","_tribe_ticket_not_going_count":"","_tribe_tickets_list":"[]","_tribe_ticket_has_attendee_info_fields":false,"footnotes":"","_tec_slr_enabled":"","_tec_slr_layout":""},"class_list":["post-1365","page","type-page","status-publish","hentry"],"ticketed":false,"_links":{"self":[{"href":"https:\/\/dossenberger.de\/index.php?rest_route=\/wp\/v2\/pages\/1365","targetHints":{"allow":["GET"]}}],"collection":[{"href":"https:\/\/dossenberger.de\/index.php?rest_route=\/wp\/v2\/pages"}],"about":[{"href":"https:\/\/dossenberger.de\/index.php?rest_route=\/wp\/v2\/types\/page"}],"author":[{"embeddable":true,"href":"https:\/\/dossenberger.de\/index.php?rest_route=\/wp\/v2\/users\/1"}],"replies":[{"embeddable":true,"href":"https:\/\/dossenberger.de\/index.php?rest_route=%2Fwp%2Fv2%2Fcomments&post=1365"}],"version-history":[{"count":2,"href":"https:\/\/dossenberger.de\/index.php?rest_route=\/wp\/v2\/pages\/1365\/revisions"}],"predecessor-version":[{"id":1368,"href":"https:\/\/dossenberger.de\/index.php?rest_route=\/wp\/v2\/pages\/1365\/revisions\/1368"}],"up":[{"embeddable":true,"href":"https:\/\/dossenberger.de\/index.php?rest_route=\/wp\/v2\/pages\/1361"}],"wp:attachment":[{"href":"https:\/\/dossenberger.de\/index.php?rest_route=%2Fwp%2Fv2%2Fmedia&parent=1365"}],"curies":[{"name":"wp","href":"https:\/\/api.w.org\/{rel}","templated":true}]}}