{"id":1641,"date":"2016-01-03T09:34:39","date_gmt":"2016-01-03T08:34:39","guid":{"rendered":"http:\/\/dossenberger.de\/?page_id=1641"},"modified":"2018-11-26T19:31:23","modified_gmt":"2018-11-26T18:31:23","slug":"digitale-schultasche","status":"publish","type":"page","link":"https:\/\/dossenberger.de\/?page_id=1641","title":{"rendered":"Digitale Schultasche"},"content":{"rendered":"<h2>Liebe Eltern,<\/h2>\n<p>eine Schultasche mit dem unverzichtbaren Arbeits-, Dokumentations- und Informationsmaterial geh\u00f6rt schon seit sehr langer Zeit zum Schulalltag. Im Zeitalter des technologischen Fortschritts liegt der Gedanke nahe, neue digitale Medien in sinnvoller und arbeitserleichternder Weise f\u00fcr die Schule zu nutzen. Dies wollen wir unseren Sch\u00fclern nun erm\u00f6glichen.<\/p>\n<p>Die digitale Schultasche \u2013 eine komplette, kostenlose und individuelle Arbeitsumgebung auf einem USB-Stick \u2013 wird an unserer Schule eingef\u00fchrt. Von USB Stick starten nicht nur die eigenen Dateien, sondern die gesamte eigene, gewohnte Arbeits- und Surfumgebung, an jedem zur Verf\u00fcgung stehenden Computer.<\/p>\n<p>Vorteile der digitalen Schultasche:<\/p>\n<ul>\n<li>Portable Anwendungen, die ohne Installation vom Stick gestartet werden k\u00f6nnen.<\/li>\n<li>Kostenfreie und leicht erlernbare Programme, die f\u00fcr den schulischen Bereich gut einsetzbar sind.<\/li>\n<li>Mobilit\u00e4t \u2013 der gewohnte \u201eArbeitsplatz\u201c ist in der Schultasche mit dabei und auf jedem Computer gleicherma\u00dfen funktionsf\u00e4hig (kosteng\u00fcnstige Alternative zum Notebook).<\/li>\n<li>Individuell erweiterbar.<\/li>\n<li>Flexible Einsatzm\u00f6glichkeit und st\u00e4ndige Verf\u00fcgbarkeit.<\/li>\n<li>Volle Kontrolle und \u00dcbersicht f\u00fcr Anwender und Eltern.<\/li>\n<\/ul>\n<p>&nbsp;<\/p>\n<p><img loading=\"lazy\" decoding=\"async\" class=\"aligncenter size-full wp-image-1644\" src=\"https:\/\/dossenberger.de\/wp-content\/uploads\/2016\/01\/Inhalt-der-DS.jpg\" alt=\"Inhalt-der-DS\" width=\"998\" height=\"739\" srcset=\"https:\/\/dossenberger.de\/wp-content\/uploads\/2016\/01\/Inhalt-der-DS.jpg 998w, https:\/\/dossenberger.de\/wp-content\/uploads\/2016\/01\/Inhalt-der-DS-300x222.jpg 300w, https:\/\/dossenberger.de\/wp-content\/uploads\/2016\/01\/Inhalt-der-DS-768x569.jpg 768w\" sizes=\"auto, (max-width: 998px) 100vw, 998px\" \/><strong>Download:<\/strong><\/p>\n<ul>\n<li><a href=\"https:\/\/dgg.esis-cloud.de\/index.php\/s\/HlsoXgNclulqNqb\" target=\"_blank\" rel=\"noopener noreferrer\">Digitale Schulmappe f\u00fcr Informatik (132 MB)<\/a> mit Programmen speziell auf den Informatikunterricht zugeschnitten.<\/li>\n<li><a href=\"https:\/\/dgg.esis-cloud.de\/index.php\/s\/1ao3p8O74WgWNvj\" target=\"_blank\" rel=\"noopener noreferrer\">Digitale Schulmappe Komplettversion (804 MB)<\/a><\/li>\n<\/ul>\n<table>\n<tbody>\n<tr>\n<td><img loading=\"lazy\" decoding=\"async\" class=\"alignleft size-full wp-image-1645\" src=\"https:\/\/dossenberger.de\/wp-content\/uploads\/2016\/01\/DS-Informatik1.jpg\" alt=\"DS-Informatik1\" width=\"288\" height=\"448\" srcset=\"https:\/\/dossenberger.de\/wp-content\/uploads\/2016\/01\/DS-Informatik1.jpg 288w, https:\/\/dossenberger.de\/wp-content\/uploads\/2016\/01\/DS-Informatik1-193x300.jpg 193w\" sizes=\"auto, (max-width: 288px) 100vw, 288px\" \/><\/td>\n<td><img loading=\"lazy\" decoding=\"async\" class=\"alignleft size-full wp-image-1646\" src=\"https:\/\/dossenberger.de\/wp-content\/uploads\/2016\/01\/Schultasche.jpg\" alt=\"Schultasche\" width=\"277\" height=\"448\" srcset=\"https:\/\/dossenberger.de\/wp-content\/uploads\/2016\/01\/Schultasche.jpg 277w, https:\/\/dossenberger.de\/wp-content\/uploads\/2016\/01\/Schultasche-185x300.jpg 185w\" sizes=\"auto, (max-width: 277px) 100vw, 277px\" \/><\/td>\n<\/tr>\n<\/tbody>\n<\/table>\n<p>Bei R\u00fcckfragen wenden sie sich bitte an<br \/>\n<strong>Herrn Frank Appelt (appelt@dossenberger.de)<\/strong>.<\/p>\n","protected":false},"excerpt":{"rendered":"<p>Liebe Eltern, eine Schultasche mit dem unverzichtbaren Arbeits-, Dokumentations- und Informationsmaterial geh\u00f6rt schon seit sehr langer Zeit zum Schulalltag. Im<\/p>\n","protected":false},"author":1,"featured_media":0,"parent":969,"menu_order":0,"comment_status":"closed","ping_status":"closed","template":"","meta":{"colormag_page_container_layout":"default_layout","colormag_page_sidebar_layout":"default_layout","ngg_post_thumbnail":0,"_price":"","_stock":"","_tribe_ticket_header":"","_tribe_default_ticket_provider":"","_tribe_ticket_capacity":"0","_ticket_start_date":"","_ticket_end_date":"","_tribe_ticket_show_description":"","_tribe_ticket_show_not_going":false,"_tribe_ticket_use_global_stock":"","_tribe_ticket_global_stock_level":"","_global_stock_mode":"","_global_stock_cap":"","_tribe_rsvp_for_event":"","_tribe_ticket_going_count":"","_tribe_ticket_not_going_count":"","_tribe_tickets_list":"[]","_tribe_ticket_has_attendee_info_fields":false,"footnotes":"","_tec_slr_enabled":"","_tec_slr_layout":""},"class_list":["post-1641","page","type-page","status-publish","hentry"],"ticketed":false,"_links":{"self":[{"href":"https:\/\/dossenberger.de\/index.php?rest_route=\/wp\/v2\/pages\/1641","targetHints":{"allow":["GET"]}}],"collection":[{"href":"https:\/\/dossenberger.de\/index.php?rest_route=\/wp\/v2\/pages"}],"about":[{"href":"https:\/\/dossenberger.de\/index.php?rest_route=\/wp\/v2\/types\/page"}],"author":[{"embeddable":true,"href":"https:\/\/dossenberger.de\/index.php?rest_route=\/wp\/v2\/users\/1"}],"replies":[{"embeddable":true,"href":"https:\/\/dossenberger.de\/index.php?rest_route=%2Fwp%2Fv2%2Fcomments&post=1641"}],"version-history":[{"count":9,"href":"https:\/\/dossenberger.de\/index.php?rest_route=\/wp\/v2\/pages\/1641\/revisions"}],"predecessor-version":[{"id":6429,"href":"https:\/\/dossenberger.de\/index.php?rest_route=\/wp\/v2\/pages\/1641\/revisions\/6429"}],"up":[{"embeddable":true,"href":"https:\/\/dossenberger.de\/index.php?rest_route=\/wp\/v2\/pages\/969"}],"wp:attachment":[{"href":"https:\/\/dossenberger.de\/index.php?rest_route=%2Fwp%2Fv2%2Fmedia&parent=1641"}],"curies":[{"name":"wp","href":"https:\/\/api.w.org\/{rel}","templated":true}]}}