{"id":172,"date":"2015-12-26T07:22:48","date_gmt":"2015-12-26T06:22:48","guid":{"rendered":"http:\/\/dossenberger.de\/?page_id=172"},"modified":"2022-09-09T09:26:22","modified_gmt":"2022-09-09T07:26:22","slug":"mittagsverpflegung","status":"publish","type":"page","link":"https:\/\/dossenberger.de\/?page_id=172","title":{"rendered":"Mittagsverpflegung"},"content":{"rendered":"<p>In enger Abstimmung mit dem Elternbeirat und dem Schulforum wird in den R\u00e4umlichkeiten unserer Mensa die Mittagsverpflegung mit gro\u00dfem Erfolg durchgef\u00fchrt.<\/p>\n<table>\n<tbody>\n<tr>\n<td style=\"text-align: left;\"><img loading=\"lazy\" decoding=\"async\" class=\" wp-image-173 aligncenter\" src=\"https:\/\/dossenberger.de\/wp-content\/uploads\/2015\/12\/Mensa1.jpg\" alt=\"Mensa1\" width=\"433\" height=\"272\" srcset=\"https:\/\/dossenberger.de\/wp-content\/uploads\/2015\/12\/Mensa1.jpg 639w, https:\/\/dossenberger.de\/wp-content\/uploads\/2015\/12\/Mensa1-300x188.jpg 300w\" sizes=\"auto, (max-width: 433px) 100vw, 433px\" \/><\/td>\n<\/tr>\n<\/tbody>\n<\/table>\n<p>Dabei arbeiten wir mit der Metzgerei Merkle (Burgau) zusammen.<\/p>\n<p><img loading=\"lazy\" decoding=\"async\" class=\"aligncenter size-full wp-image-12325\" src=\"https:\/\/dossenberger.de\/wp-content\/uploads\/2022\/09\/logomerkle.jpg\" alt=\"\" width=\"300\" height=\"200\"><\/p>\n<p>&nbsp;<\/p>\n<p>Unser Essen wird frisch und zeitnah gekocht.<\/p>\n<p>Entscheidende Basis f\u00fcr den Erfolg unserer Mittagsverpflegung ist neben dem guten Essen eine Gruppe von M\u00fcttern und Sch\u00fclern, die ehrenamtlich die Speisen zur Mittagszeit ausgeben. Die Gruppe unserer Helfer kann jederzeit Verst\u00e4rkung gebrauchen. Wenn Sie bereit w\u00e4ren, uns bei der Ausgabe des Essens behilflich zu sein \u2013 z. B. an dem Tag, an dem Ihr Kind selbst Nachmittagsunterricht hat \u2013 , so melden Sie sich bitte im Sekretariat. Ich sage Ihnen schon jetzt ganz herzlichen Dank f\u00fcr eine m\u00f6gliche Unterst\u00fctzung.<\/p>\n<p>Unsere Mittagsverpflegung, die f\u00fcr alle Sch\u00fclerinnen und Sch\u00fcler angeboten wird, ist wie folgt organisiert:<\/p>\n<ul>\n<li>Die Ausgabe der Mittagsverpflegung erfolgt montags bis freitags von 11:45 \u2013 ca. 13:15 Uhr.<\/li>\n<li>Ein Speiseplan h\u00e4ngt ca. 1 Woche vorher an verschiedenen Stellen im Schulhaus aus bzw. steht immer aktuell als Download (siehe rechts: Mensaplan) bereit.<\/li>\n<\/ul>\n<p>Ich m\u00f6chte sie ausdr\u00fccklich bitten, Ihr Kind zum Mittagessen in der Schule anzuhalten. Auch die seit Januar 2009 geschaffene Cafeteria erfreut sich gro\u00dfer Beliebtheit.<\/p>\n<p>&nbsp;<\/p>\n<p><em>Schulleitung<\/em><\/p>\n","protected":false},"excerpt":{"rendered":"<p>In enger Abstimmung mit dem Elternbeirat und dem Schulforum wird in den R\u00e4umlichkeiten unserer Mensa die Mittagsverpflegung mit gro\u00dfem Erfolg<\/p>\n","protected":false},"author":1,"featured_media":0,"parent":17,"menu_order":0,"comment_status":"closed","ping_status":"closed","template":"","meta":{"colormag_page_container_layout":"default_layout","colormag_page_sidebar_layout":"default_layout","ngg_post_thumbnail":0,"_price":"","_stock":"","_tribe_ticket_header":"","_tribe_default_ticket_provider":"","_tribe_ticket_capacity":"0","_ticket_start_date":"","_ticket_end_date":"","_tribe_ticket_show_description":"","_tribe_ticket_show_not_going":false,"_tribe_ticket_use_global_stock":"","_tribe_ticket_global_stock_level":"","_global_stock_mode":"","_global_stock_cap":"","_tribe_rsvp_for_event":"","_tribe_ticket_going_count":"","_tribe_ticket_not_going_count":"","_tribe_tickets_list":"[]","_tribe_ticket_has_attendee_info_fields":false,"footnotes":"","_tec_slr_enabled":"","_tec_slr_layout":""},"class_list":["post-172","page","type-page","status-publish","hentry"],"ticketed":false,"_links":{"self":[{"href":"https:\/\/dossenberger.de\/index.php?rest_route=\/wp\/v2\/pages\/172","targetHints":{"allow":["GET"]}}],"collection":[{"href":"https:\/\/dossenberger.de\/index.php?rest_route=\/wp\/v2\/pages"}],"about":[{"href":"https:\/\/dossenberger.de\/index.php?rest_route=\/wp\/v2\/types\/page"}],"author":[{"embeddable":true,"href":"https:\/\/dossenberger.de\/index.php?rest_route=\/wp\/v2\/users\/1"}],"replies":[{"embeddable":true,"href":"https:\/\/dossenberger.de\/index.php?rest_route=%2Fwp%2Fv2%2Fcomments&post=172"}],"version-history":[{"count":17,"href":"https:\/\/dossenberger.de\/index.php?rest_route=\/wp\/v2\/pages\/172\/revisions"}],"predecessor-version":[{"id":12329,"href":"https:\/\/dossenberger.de\/index.php?rest_route=\/wp\/v2\/pages\/172\/revisions\/12329"}],"up":[{"embeddable":true,"href":"https:\/\/dossenberger.de\/index.php?rest_route=\/wp\/v2\/pages\/17"}],"wp:attachment":[{"href":"https:\/\/dossenberger.de\/index.php?rest_route=%2Fwp%2Fv2%2Fmedia&parent=172"}],"curies":[{"name":"wp","href":"https:\/\/api.w.org\/{rel}","templated":true}]}}