{"id":21,"date":"2015-12-25T06:27:05","date_gmt":"2015-12-25T05:27:05","guid":{"rendered":"http:\/\/dossenberger.de\/?page_id=21"},"modified":"2020-11-26T19:06:53","modified_gmt":"2020-11-26T18:06:53","slug":"schulgeschichte","status":"publish","type":"page","link":"https:\/\/dossenberger.de\/?page_id=21","title":{"rendered":"Schulgeschichte"},"content":{"rendered":"<p><img loading=\"lazy\" decoding=\"async\" class=\"aligncenter size-full wp-image-29\" src=\"https:\/\/dossenberger.de\/wp-content\/uploads\/2015\/12\/dossenbergerhaus.jpg\" alt=\"dossenbergerhaus\" width=\"639\" height=\"388\" srcset=\"https:\/\/dossenberger.de\/wp-content\/uploads\/2015\/12\/dossenbergerhaus.jpg 639w, https:\/\/dossenberger.de\/wp-content\/uploads\/2015\/12\/dossenbergerhaus-300x182.jpg 300w\" sizes=\"auto, (max-width: 639px) 100vw, 639px\" \/><\/p>\n<table>\n<tbody>\n<tr>\n<td width=\"150\"><strong>4. Juli 1900<\/strong><\/td>\n<td>Gr\u00fcndung des Humanistischen Gymnasiums f\u00fcr Jungen in G\u00fcnzburg<\/td>\n<\/tr>\n<tr>\n<td><strong>Sommer 1901<\/strong><\/td>\n<td>Bezug des \u201cDossenbergerhauses\u201d als Schulgeb\u00e4ude mit 181 Sch\u00fclern<\/td>\n<\/tr>\n<tr>\n<td><strong>1910 &nbsp;&nbsp; &nbsp;<\/strong><\/td>\n<td>Stiftung des Fabrikanten Dr. Johann Offermann zur Unterst\u00fctzung von \u201cw\u00fcrdigen Sch\u00fclern\u201d; heute \u201cOffermann-Stipendium\u201d<\/td>\n<\/tr>\n<tr>\n<td><strong>1919\/20<\/strong><\/td>\n<td>\u00d6ffnung der Schule auch f\u00fcr M\u00e4dchen<\/td>\n<\/tr>\n<tr>\n<td><strong>1938<\/strong><\/td>\n<td>Umwandlung des \u201cHumanistischen Gymnasiums\u201d in eine \u201cOberschule\u201d<\/td>\n<\/tr>\n<tr>\n<td><strong>26. April 1945<\/strong><\/td>\n<td>Einstellung des Schulbetriebs mit Besetzung der Stadt G\u00fcnzburg durch die amerikanische Armee<\/td>\n<\/tr>\n<tr>\n<td><strong>12. November 1945<\/strong><\/td>\n<td>Wiederer\u00f6ffnung als \u201cOberschule f\u00fcr Jungen\u201d<\/td>\n<\/tr>\n<tr>\n<td><strong>12. Februar 1946<\/strong><\/td>\n<td>Begr\u00fcndung des \u201cHumanistischen Gymnasiums f\u00fcr Jungen und M\u00e4dchen\u201d<\/td>\n<\/tr>\n<tr>\n<td><strong>26. August 1948<\/strong><\/td>\n<td>Gr\u00fcndung des Elternbeirats<\/td>\n<\/tr>\n<tr>\n<td><strong>1966<\/strong><\/td>\n<td>Einrichtung des \u201cneusprachlichen Zweiges\u201d neben dem mathematischen-naturwissenschaftlichen Zweig<\/td>\n<\/tr>\n<tr>\n<td><strong>Juni 1967<\/strong><\/td>\n<td>Baubeginn des neuen Schulgeb\u00e4udes \u201cAm s\u00fcdlichen Burgfrieden\u201d<\/td>\n<\/tr>\n<tr>\n<td><strong>Sommer 1969<\/strong><\/td>\n<td>Umzug in das neue Schulgeb\u00e4ude<\/td>\n<\/tr>\n<tr>\n<td><strong>April 1970<\/strong><\/td>\n<td>Schule erh\u00e4lt den Namen \u201cDossenberger-Gymnasium\u201d<\/td>\n<\/tr>\n<tr>\n<td><strong>1976\/77<\/strong><\/td>\n<td>Einf\u00fchrung der Kollegstufe (Leistungs-\/Grundkurse)<\/td>\n<\/tr>\n<tr>\n<td><strong>1981<\/strong><\/td>\n<td>Beginn des Sch\u00fcleraustausches mit Lannion (Frankreich)<\/td>\n<\/tr>\n<tr>\n<td><strong>1982\/83<\/strong><\/td>\n<td>Einf\u00fchrung von Englisch als 1. Fremdsprache im Neusprachlichen Bereich<\/td>\n<\/tr>\n<tr>\n<td><strong>1986\/87<\/strong><\/td>\n<td>1. Verleihung der \u201cDossenberger Medaille\u201d an den\/die Abiturbeste(n)<\/td>\n<\/tr>\n<tr>\n<td><strong>3. Dezember 1991<\/strong><\/td>\n<td>Gr\u00fcndung des \u201cFreundeskreises Dossenberger-Gymnasium G\u00fcnzburg\u201d<\/td>\n<\/tr>\n<tr>\n<td><strong>1993\/94<\/strong><\/td>\n<td>Beginn des Sch\u00fcleraustausches mit Kladno (Tschechische Republik)<\/td>\n<\/tr>\n<tr>\n<td><strong>1998\/99<\/strong><\/td>\n<td>Dossenberger-Gymnasium wird \u201cOffenes Europa-Gymnasium\u201d<\/td>\n<\/tr>\n<tr>\n<td><strong>2000\/01<\/strong><\/td>\n<td>Beginn der regelm\u00e4\u00dfigen Teilnahme am europ\u00e4ischen \u201cComenius-Projekt\u201d<\/td>\n<\/tr>\n<tr>\n<td><strong>Juni 2002<\/strong><\/td>\n<td>Erstmalige Vergabe des \u201cOffermann-Facharbeiten-Preises\u201d; erstmalige Vergabe der \u201cW\u00d6MA-Pr\u00e4mie\u201d<\/td>\n<\/tr>\n<tr>\n<td><strong>Juni 2003<\/strong><\/td>\n<td>Einweihung des nord\u00f6stl. Neubaus<\/td>\n<\/tr>\n<tr>\n<td><strong>2005\/06<\/strong><\/td>\n<td>Beginn des Sch\u00fcleraustausches mit Ampthill (England)<\/td>\n<\/tr>\n<tr>\n<td><strong>September 2006<\/strong><\/td>\n<td>Einweihung des Mensaanbaus und des neuen Studienraumes<\/td>\n<\/tr>\n<tr>\n<td><strong>2007\/08<\/strong><\/td>\n<td>Zulassung von Spanisch als 3. Fremdsprache (nach Englisch und Franz\u00f6sisch)<\/td>\n<\/tr>\n<tr>\n<td><strong>2008\/09<\/strong><\/td>\n<td>Beginn des Sch\u00fcleraustausches mit Fort Worth\/Texas (USA)<\/td>\n<\/tr>\n<tr>\n<td><strong>seit 2008<\/strong><\/td>\n<td>&nbsp;zertifizierte \u201cEurop\u00e4ische Umweltschule\u201d (im Rahmen des UN-Projektes \u201cIternationale AGENDA21-Schule\u201d)<\/td>\n<\/tr>\n<tr>\n<td><strong>2009<\/strong><\/td>\n<td>ausgezeichnet mit dem Umweltpreis des Landkreises G\u00fcnzburg<\/td>\n<\/tr>\n<tr>\n<td><strong>2009\/10<\/strong><\/td>\n<td>Einrichtung eines Studienseminars f\u00fcr die F\u00e4cher Deutsch, Englisch, Geschichte und Erdkunde im Rahmen der Lehrerausbildung am Gymnasium<br \/>\n(2011 erg\u00e4nzt durch Spanisch)<\/td>\n<\/tr>\n<tr>\n<td><strong>2010\/11<\/strong><\/td>\n<td>Beginn des Sch\u00fcleraustausches mit der Dt. Schule in Budapest (Ungarn)<\/td>\n<\/tr>\n<tr>\n<td><strong>2011\/13<\/strong><\/td>\n<td>&nbsp;Einrichtung von Chor-, Bl\u00e4ser-&nbsp; und Streicherklassen (5.\/6. Kl.)<\/td>\n<\/tr>\n<tr>\n<td><strong>2012<\/strong><\/td>\n<td>Beginn des Austausches mit Valencia (Spanien)<\/td>\n<\/tr>\n<tr>\n<td><strong>2013<\/strong><\/td>\n<td>Beginn des Austausches mit Messina (Italien)<\/td>\n<\/tr>\n<tr>\n<td><strong>2017<br \/>\n<\/strong><\/td>\n<td>Erweiterung des Studienseminars mit Sport weiblich<\/td>\n<\/tr>\n<tr>\n<td><strong>2018<br \/>\n<\/strong><\/td>\n<td>Beginn der Sanierungsma\u00dfnahmen<\/td>\n<\/tr>\n<tr>\n<td><strong>2018<br \/>\n<\/strong><\/td>\n<td>Auszeichnung als MINT-freundliche Schule<\/td>\n<\/tr>\n<tr>\n<td><strong>2020<br \/>\n<\/strong><\/td>\n<td>Einrichtung einer Umweltklasse<\/td>\n<\/tr>\n<\/tbody>\n<\/table>\n","protected":false},"excerpt":{"rendered":"<p>4. Juli 1900 Gr\u00fcndung des Humanistischen Gymnasiums f\u00fcr Jungen in G\u00fcnzburg Sommer 1901 Bezug des \u201cDossenbergerhauses\u201d als Schulgeb\u00e4ude mit 181<\/p>\n","protected":false},"author":1,"featured_media":0,"parent":17,"menu_order":0,"comment_status":"closed","ping_status":"closed","template":"","meta":{"colormag_page_container_layout":"default_layout","colormag_page_sidebar_layout":"default_layout","ngg_post_thumbnail":0,"_price":"","_stock":"","_tribe_ticket_header":"","_tribe_default_ticket_provider":"","_tribe_ticket_capacity":"0","_ticket_start_date":"","_ticket_end_date":"","_tribe_ticket_show_description":"","_tribe_ticket_show_not_going":false,"_tribe_ticket_use_global_stock":"","_tribe_ticket_global_stock_level":"","_global_stock_mode":"","_global_stock_cap":"","_tribe_rsvp_for_event":"","_tribe_ticket_going_count":"","_tribe_ticket_not_going_count":"","_tribe_tickets_list":"[]","_tribe_ticket_has_attendee_info_fields":false,"footnotes":"","_tec_slr_enabled":"","_tec_slr_layout":""},"class_list":["post-21","page","type-page","status-publish","hentry"],"ticketed":false,"_links":{"self":[{"href":"https:\/\/dossenberger.de\/index.php?rest_route=\/wp\/v2\/pages\/21","targetHints":{"allow":["GET"]}}],"collection":[{"href":"https:\/\/dossenberger.de\/index.php?rest_route=\/wp\/v2\/pages"}],"about":[{"href":"https:\/\/dossenberger.de\/index.php?rest_route=\/wp\/v2\/types\/page"}],"author":[{"embeddable":true,"href":"https:\/\/dossenberger.de\/index.php?rest_route=\/wp\/v2\/users\/1"}],"replies":[{"embeddable":true,"href":"https:\/\/dossenberger.de\/index.php?rest_route=%2Fwp%2Fv2%2Fcomments&post=21"}],"version-history":[{"count":14,"href":"https:\/\/dossenberger.de\/index.php?rest_route=\/wp\/v2\/pages\/21\/revisions"}],"predecessor-version":[{"id":9742,"href":"https:\/\/dossenberger.de\/index.php?rest_route=\/wp\/v2\/pages\/21\/revisions\/9742"}],"up":[{"embeddable":true,"href":"https:\/\/dossenberger.de\/index.php?rest_route=\/wp\/v2\/pages\/17"}],"wp:attachment":[{"href":"https:\/\/dossenberger.de\/index.php?rest_route=%2Fwp%2Fv2%2Fmedia&parent=21"}],"curies":[{"name":"wp","href":"https:\/\/api.w.org\/{rel}","templated":true}]}}