{"id":272,"date":"2015-12-26T15:56:30","date_gmt":"2015-12-26T14:56:30","guid":{"rendered":"http:\/\/dossenberger.de\/?page_id=272"},"modified":"2025-11-15T07:36:03","modified_gmt":"2025-11-15T06:36:03","slug":"smv","status":"publish","type":"page","link":"https:\/\/dossenberger.de\/?page_id=272","title":{"rendered":"SMV"},"content":{"rendered":"<p>SMV ist eine Abk\u00fcrzung f\u00fcr <strong>S<\/strong>ch\u00fcler<strong>m<\/strong>it<strong>v<\/strong>erantwortung und besteht aus sechs, von den Klassensprechern gew\u00e4hlten, Sch\u00fclern.<\/p>\n<p>Sie vertritt vor allem die Interessen der Mitsch\u00fcler gegen\u00fcber den Lehrern und der Schulleitung, gestaltet aber auch die Schule und das Schulwesen mit. Unterst\u00fctzt wird die SMV dabei von den Verbindungslehrern, die Ansprechpersonen f\u00fcr alle Probleme und Konflikte zwischen Lehrern und Sch\u00fclern sind.<\/p>\n<p>Nicht zu vergessen sind aber trotz alle dem die Veranstaltungen &amp; Aktionen, die die SMV organisiert:<\/p>\n<ul>\n<li>Faschingsball f\u00fcr die Unterstufe<\/li>\n<li>Nikolausaktion<\/li>\n<li>Valentinaktion<\/li>\n<li>Klassensprecherseminar<\/li>\n<\/ul>\n<h3>Sch\u00fclersprecher im Schuljahr 2025\/2026<\/h3>\n<p><img loading=\"lazy\" decoding=\"async\" class=\"aligncenter size-full wp-image-15124\" src=\"https:\/\/dossenberger.de\/wp-content\/uploads\/2025\/11\/smv2025.jpg\" alt=\"\" width=\"800\" height=\"445\" srcset=\"https:\/\/dossenberger.de\/wp-content\/uploads\/2025\/11\/smv2025.jpg 800w, https:\/\/dossenberger.de\/wp-content\/uploads\/2025\/11\/smv2025-300x167.jpg 300w, https:\/\/dossenberger.de\/wp-content\/uploads\/2025\/11\/smv2025-768x427.jpg 768w\" sizes=\"auto, (max-width: 800px) 100vw, 800px\" \/><\/p>\n<p>1. Sch\u00fclersprecher: Michael Heinrich<br \/>\n2. Sch\u00fclersprecher: Eren Altuntas<br \/>\n3. Sch\u00fclersprecher: Luis Lattanzio<br \/>\n4. Sch\u00fclersprecher: Solveig Bienk<\/p>\n<p>Weitere Mitglieder:<br \/>\nPhoebe Allgaier, Merit F\u00f6rg, Vivian Hegele, Frederike Ratzenberger, Sebastian Z\u00f6llner<\/p>\n<p>&nbsp;<\/p>\n<p>Erreichen k\u00f6nnt ihr uns unter <a href=\"mailto:smv@dossenberger.de\">smv@dossenberger.de<\/a> .<\/p>\n<p>&nbsp;<\/p>\n<p>SMV-Veranstaltungen:<\/p>\n<ul>\n<li><a href=\"https:\/\/dossenberger.de\/?p=6572\">Nikolausaktion 2018<\/a><\/li>\n<li><a href=\"https:\/\/dossenberger.de\/?p=5385\">Dossenberger T-Shirts<\/a><\/li>\n<li><a href=\"https:\/\/dossenberger.de\/?p=4414\">Nikolausaktion 2017<\/a><\/li>\n<li><a href=\"https:\/\/dossenberger.de\/?p=2315\">Tag der Feuerwehr<\/a><\/li>\n<li><a href=\"https:\/\/dossenberger.de\/?p=2318\">SMV-Fu\u00dfballturnier<\/a><\/li>\n<\/ul>\n<h2>&nbsp;<\/h2>\n<p>&nbsp;<\/p>\n<p>&nbsp;<\/p>\n","protected":false},"excerpt":{"rendered":"<p>SMV ist eine Abk\u00fcrzung f\u00fcr Sch\u00fclermitverantwortung und besteht aus sechs, von den Klassensprechern gew\u00e4hlten, Sch\u00fclern. Sie vertritt vor allem die<\/p>\n","protected":false},"author":1,"featured_media":0,"parent":17,"menu_order":0,"comment_status":"closed","ping_status":"closed","template":"","meta":{"colormag_page_container_layout":"default_layout","colormag_page_sidebar_layout":"default_layout","ngg_post_thumbnail":0,"_price":"","_stock":"","_tribe_ticket_header":"","_tribe_default_ticket_provider":"","_tribe_ticket_capacity":"0","_ticket_start_date":"","_ticket_end_date":"","_tribe_ticket_show_description":"","_tribe_ticket_show_not_going":false,"_tribe_ticket_use_global_stock":"","_tribe_ticket_global_stock_level":"","_global_stock_mode":"","_global_stock_cap":"","_tribe_rsvp_for_event":"","_tribe_ticket_going_count":"","_tribe_ticket_not_going_count":"","_tribe_tickets_list":"[]","_tribe_ticket_has_attendee_info_fields":false,"footnotes":"","_tec_slr_enabled":"","_tec_slr_layout":""},"class_list":["post-272","page","type-page","status-publish","hentry"],"ticketed":false,"_links":{"self":[{"href":"https:\/\/dossenberger.de\/index.php?rest_route=\/wp\/v2\/pages\/272","targetHints":{"allow":["GET"]}}],"collection":[{"href":"https:\/\/dossenberger.de\/index.php?rest_route=\/wp\/v2\/pages"}],"about":[{"href":"https:\/\/dossenberger.de\/index.php?rest_route=\/wp\/v2\/types\/page"}],"author":[{"embeddable":true,"href":"https:\/\/dossenberger.de\/index.php?rest_route=\/wp\/v2\/users\/1"}],"replies":[{"embeddable":true,"href":"https:\/\/dossenberger.de\/index.php?rest_route=%2Fwp%2Fv2%2Fcomments&post=272"}],"version-history":[{"count":27,"href":"https:\/\/dossenberger.de\/index.php?rest_route=\/wp\/v2\/pages\/272\/revisions"}],"predecessor-version":[{"id":15125,"href":"https:\/\/dossenberger.de\/index.php?rest_route=\/wp\/v2\/pages\/272\/revisions\/15125"}],"up":[{"embeddable":true,"href":"https:\/\/dossenberger.de\/index.php?rest_route=\/wp\/v2\/pages\/17"}],"wp:attachment":[{"href":"https:\/\/dossenberger.de\/index.php?rest_route=%2Fwp%2Fv2%2Fmedia&parent=272"}],"curies":[{"name":"wp","href":"https:\/\/api.w.org\/{rel}","templated":true}]}}