{"id":282,"date":"2015-12-26T16:02:05","date_gmt":"2015-12-26T15:02:05","guid":{"rendered":"http:\/\/dossenberger.de\/?page_id=282"},"modified":"2025-10-07T15:26:33","modified_gmt":"2025-10-07T13:26:33","slug":"freundeskreis","status":"publish","type":"page","link":"https:\/\/dossenberger.de\/?page_id=282","title":{"rendered":"Freundeskreis"},"content":{"rendered":"\n<p>Liebe Sch\u00fclerinnen und Sch\u00fcler,<br>liebe Eltern und Lehrkr\u00e4fte,<br>liebe Mitglieder und Spendende!<\/p>\n\n\n\n<h5>Ein neuer Abschnitt im Freundeskreis<\/h5>\n<p>Mit gro\u00dfer Freude und ebenso gro\u00dfem Respekt haben wir, Hannah und Frieder, in<br>diesem Schuljahr die Leitung des Freundeskreises des Dossenberger Gymnasiums<br>\u00fcbernommen.<br>Damit beginnt f\u00fcr uns pers\u00f6nlich ein spannendes neues Kapitel \u2013 und zugleich<br>vollzieht sich ein kleiner, aber bedeutender Generationenwechsel innerhalb des<br>Vereins. Diesen \u00dcbergang verstehen wir als wertvolle Chance, Bew\u00e4hrtes<br>fortzuf\u00fchren und neue Impulse zu setzen.<\/p>\n<p>Wir treten in gro\u00dfe Fu\u00dfstapfen: Die bisherige Arbeit im Freundeskreis war gepr\u00e4gt<br>von au\u00dferordentlichem Engagement, Verantwortungsbewusstsein und einer tiefen<br>Verbundenheit mit der Schule. Unser besonderer Dank gilt dabei Walter Czech,<br>Gabriele Martin, Margit Egner und Lydia Stach \u2013 sie haben \u00fcber Jahre hinweg mit<br>gro\u00dfem Einsatz und Herzblut den Freundeskreis getragen, gestaltet und<br>weiterentwickelt. Ihre Arbeit bildet das Fundament, auf dem wir nun aufbauen d\u00fcrfen<br>\u2013 daf\u00fcr m\u00f6chten wir uns ausdr\u00fccklich bedanken.<\/p>\n<p>Mit frischem Elan, vielen Ideen und einem offenen Ohr f\u00fcr neue Anregungen<br>m\u00f6chten wir den Verein gemeinsam weiterf\u00fchren. Wir laden alle Mitglieder der<br>Schulgemeinschaft herzlich ein, sich mit Ideen und Vorschl\u00e4gen einzubringen. Wir<br>freuen uns \u00fcber jeden Impuls.<\/p>\n<h5>&nbsp;<\/h5>\n<h5>Ihre Unterst\u00fctzung<\/h5>\n<p>Es macht uns Freude, unserer Schule zu helfen und die eine oder andere finanzielle<br>Unterst\u00fctzung auf kurzem Weg zu gew\u00e4hren. Damit dies auch weiterhin so bleibt,<br>brauchen wir Ihre Mithilfe.<br>Wir bitten Sie \u2013 Sch\u00fclerinnen und Sch\u00fcler, Eltern, Lehrkr\u00e4fte und alle Interessierten \u2013<br>sehr herzlich, durch Ihre Mitgliedschaft unsere Ziele zu unterst\u00fctzen. Bedenken Sie:<br>Mit den geringen Beitr\u00e4gen, die Sie zahlen, kann der Freundeskreis viel Gutes tun.<br>Wenn Sie unserem Freundeskreis beitreten m\u00f6chten, schicken Sie das beistehende<br>Formular, ausgef\u00fcllt, an das Sekretariat des Dossenberger-Gymnasiums G\u00fcnzburg,<br>Am S\u00fcdlichen Burgfrieden 4, 89312 G\u00fcnzburg oder per E-Mail an hannah1752000@aol.de.<\/p>\n<p><a href=\"https:\/\/dossenberger.de?download=15031\" data-wplink-url-error=\"true\">Beitrittsformular &#8230;<\/a><br><br><\/p>\n<h5>Worte des Dankes<\/h5>\n<p>Ein gro\u00dfes Anliegen ist uns auch, den Dank an diejenigen auszusprechen, die den<br>Freundeskreis die ganzen letzten Jahre finanziell unterst\u00fctzen: Unser herzlicher<br>Dank gilt in diesem Jahr erneut unseren gro\u00dfz\u00fcgigen Spenderinnen und Spendern.<br>Ohne dieses Engagement \u2013 sei es in Form regelm\u00e4\u00dfiger Beitr\u00e4ge, gezielter Spenden<br>oder einmaliger F\u00f6rderungen \u2013 w\u00e4re unsere Arbeit in dieser Form nicht m\u00f6glich. Ihre<br>Unterst\u00fctzung sorgt daf\u00fcr, dass zahlreiche Projekte, Anschaffungen und<br>Veranstaltungen am Dossenberger Gymnasium verwirklicht werden k\u00f6nnen.<\/p>\n<p>Konkret konnte der Freundeskreis in diesem Schuljahr unter anderem die<br>Theaterfahrt von Frau Birner mit 1.000 Euro unterst\u00fctzen sowie die Wartung des f\u00fcr<br>die Schulgemeinschaft wichtigen Wasserspenders \u00fcbernehmen, was rund 350 Euro<br>kostete. Solche Ma\u00dfnahmen zeigen, wie unmittelbar Ihre Beitr\u00e4ge dem Schulleben<br>zugutekommen \u2013 vielen Dank daf\u00fcr!<\/p>\n<p>Wir werden in unserer Arbeit tatkr\u00e4ftig unterst\u00fctzt von unserer Schatzmeisterin<br>Susanne Stadelmann sowie unserem Schriftf\u00fchrer Cristoph Werner. Gemeinsam<br>bilden wir ein engagiertes Team, das sich mit Freude und Verantwortung den<br>vielf\u00e4ltigen Aufgaben im Freundeskreis widmet.<\/p>\n<p>Wir freuen uns auf die kommenden Jahre, auf viele neue Begegnungen und auf eine<br>enge Zusammenarbeit mit der Schulleitung, den Lehrkr\u00e4ften, den Eltern \u2013 und nicht<br>zuletzt den Sch\u00fclerinnen und Sch\u00fclern. Der Freundeskreis soll weiterhin eine<br>verl\u00e4ssliche St\u00fctze f\u00fcr das Schulleben sein, die mittr\u00e4gt, mitdenkt und mitgestaltet.<\/p>\n<p>Hannah Sperandio &amp; Frieder Bandlow<br>1. Vorsitzende und 2. Vorsitzender<br>Freundeskreis des Dossenberger Gymnasiums<\/p>\n<p>Unsere Bankverbindung:<br>Freundeskreis Dossenberger Gymnasium e.V.<br>IBAN: DE51 7315 0000 0000 1608 61<br>Sparkasse Schwaben-Bodensee<\/p>\n","protected":false},"excerpt":{"rendered":"<p>Liebe Sch\u00fclerinnen und Sch\u00fcler,liebe Eltern und Lehrkr\u00e4fte,liebe Mitglieder und Spendende! Ein neuer Abschnitt im Freundeskreis Mit gro\u00dfer Freude und ebenso<\/p>\n","protected":false},"author":1,"featured_media":0,"parent":17,"menu_order":0,"comment_status":"closed","ping_status":"closed","template":"","meta":{"colormag_page_container_layout":"default_layout","colormag_page_sidebar_layout":"default_layout","ngg_post_thumbnail":0,"_price":"","_stock":"","_tribe_ticket_header":"","_tribe_default_ticket_provider":"","_tribe_ticket_capacity":"0","_ticket_start_date":"","_ticket_end_date":"","_tribe_ticket_show_description":"","_tribe_ticket_show_not_going":false,"_tribe_ticket_use_global_stock":"","_tribe_ticket_global_stock_level":"","_global_stock_mode":"","_global_stock_cap":"","_tribe_rsvp_for_event":"","_tribe_ticket_going_count":"","_tribe_ticket_not_going_count":"","_tribe_tickets_list":"[]","_tribe_ticket_has_attendee_info_fields":false,"footnotes":"","_tec_slr_enabled":"","_tec_slr_layout":""},"class_list":["post-282","page","type-page","status-publish","hentry"],"ticketed":false,"_links":{"self":[{"href":"https:\/\/dossenberger.de\/index.php?rest_route=\/wp\/v2\/pages\/282","targetHints":{"allow":["GET"]}}],"collection":[{"href":"https:\/\/dossenberger.de\/index.php?rest_route=\/wp\/v2\/pages"}],"about":[{"href":"https:\/\/dossenberger.de\/index.php?rest_route=\/wp\/v2\/types\/page"}],"author":[{"embeddable":true,"href":"https:\/\/dossenberger.de\/index.php?rest_route=\/wp\/v2\/users\/1"}],"replies":[{"embeddable":true,"href":"https:\/\/dossenberger.de\/index.php?rest_route=%2Fwp%2Fv2%2Fcomments&post=282"}],"version-history":[{"count":9,"href":"https:\/\/dossenberger.de\/index.php?rest_route=\/wp\/v2\/pages\/282\/revisions"}],"predecessor-version":[{"id":15036,"href":"https:\/\/dossenberger.de\/index.php?rest_route=\/wp\/v2\/pages\/282\/revisions\/15036"}],"up":[{"embeddable":true,"href":"https:\/\/dossenberger.de\/index.php?rest_route=\/wp\/v2\/pages\/17"}],"wp:attachment":[{"href":"https:\/\/dossenberger.de\/index.php?rest_route=%2Fwp%2Fv2%2Fmedia&parent=282"}],"curies":[{"name":"wp","href":"https:\/\/api.w.org\/{rel}","templated":true}]}}