{"id":370,"date":"2015-12-26T17:03:11","date_gmt":"2015-12-26T16:03:11","guid":{"rendered":"http:\/\/dossenberger.de\/?page_id=370"},"modified":"2025-08-22T08:40:53","modified_gmt":"2025-08-22T06:40:53","slug":"werteerziehung","status":"publish","type":"page","link":"https:\/\/dossenberger.de\/?page_id=370","title":{"rendered":"Werteerziehung"},"content":{"rendered":"<p>Das Dossenberger-Gymnasium als \u201eOffenes Europa-Gymnasium\u201c bekennt sich mit seiner ganzen Schulgemeinschaft zu einer verantwortungsvollen Werteerziehung. Im Mittelpunkt steht dabei die Unterst\u00fctzung der Sch\u00fclerinnen und Sch\u00fcler in ihrer Entwicklung zu verant-wortungsbewussten Mitgliedern der Gesellschaft. So soll die Werteerziehung unter dem Titel stehen: \u201eVerantwortung \u00fcbernehmen \u2013 f\u00fcr sich und andere\u201c.<\/p>\n<p>Dem Wertekonzept liegen folgende Einzelwerte zugrunde:<\/p>\n<ul>\n<li>Beziehungen aufbauen: andere Menschen achten<\/li>\n<li>Kommunikation und Konfliktl\u00f6sung: das Gespr\u00e4ch mit anderen Menschen suchen, eine angemessene Gespr\u00e4chskultur pflegen und das offene Gespr\u00e4ch als Basis der Konfliktl\u00f6sung sehen<\/li>\n<li>Umgangsformen: anderen Menschen in einer angemessenen Art und Weise begegnen<\/li>\n<li>Zuverl\u00e4ssigkeit: Ordentlichkeit, P\u00fcnktlichkeit und Ehrlichkeit lernen und ein\u00fcben<\/li>\n<li>Toleranz und Akzeptanz: offen sein f\u00fcr Menschen, die anders sind, und sich um ein friedliches Miteinander bem\u00fchen<\/li>\n<li>Selbstorganisation: lernen, sein allt\u00e4gliches Leben zu planen und sinnvoll zu strukturieren<\/li>\n<li>Verantwortung f\u00fcr sich selbst \u00fcbernehmen: f\u00fcr sein eigenes Leben Ziele entwickeln und die Konsequenzen des eigenen Handelns zu \u00fcberdenken lernen<\/li>\n<li>Verantwortung f\u00fcr andere \u00fcbernehmen: den Mitmenschen sehen lernen und ein gemeinschaftliches Leben unterst\u00fctzen<\/li>\n<li>Bewusstsein f\u00fcr den Erhalt unserer Umwelt entwickeln: eigene M\u00f6glichkeiten zum Schutz unserer Lebenswelt kennen lernen, entwickeln und leben<\/li>\n<\/ul>\n<p>Im Laufe ihrer schulischen Entwicklung sollen die Sch\u00fclerinnen und Sch\u00fcler die oben definierten Grundwerte im Rahmen des Unterrichts, in Projekten und Veranstaltungen kennen lernen und praktische Erfahrungen mit ihnen sammeln.<br \/>\nIm folgenden <a href=\"https:\/\/dossenberger.de\/?download=14880\" target=\"_blank\" rel=\"noopener\">Dokument <\/a>sind die Werte bereits stattfindender oder geplanter Projekte, Veranstaltungen oder unterschiedlichen Planungen zugeordnet.<\/p>\n","protected":false},"excerpt":{"rendered":"<p>Das Dossenberger-Gymnasium als \u201eOffenes Europa-Gymnasium\u201c bekennt sich mit seiner ganzen Schulgemeinschaft zu einer verantwortungsvollen Werteerziehung. Im Mittelpunkt steht dabei die<\/p>\n","protected":false},"author":1,"featured_media":0,"parent":326,"menu_order":0,"comment_status":"closed","ping_status":"closed","template":"","meta":{"colormag_page_container_layout":"default_layout","colormag_page_sidebar_layout":"default_layout","ngg_post_thumbnail":0,"_price":"","_stock":"","_tribe_ticket_header":"","_tribe_default_ticket_provider":"","_tribe_ticket_capacity":"0","_ticket_start_date":"","_ticket_end_date":"","_tribe_ticket_show_description":"","_tribe_ticket_show_not_going":false,"_tribe_ticket_use_global_stock":"","_tribe_ticket_global_stock_level":"","_global_stock_mode":"","_global_stock_cap":"","_tribe_rsvp_for_event":"","_tribe_ticket_going_count":"","_tribe_ticket_not_going_count":"","_tribe_tickets_list":"[]","_tribe_ticket_has_attendee_info_fields":false,"footnotes":"","_tec_slr_enabled":"","_tec_slr_layout":""},"class_list":["post-370","page","type-page","status-publish","hentry"],"ticketed":false,"_links":{"self":[{"href":"https:\/\/dossenberger.de\/index.php?rest_route=\/wp\/v2\/pages\/370","targetHints":{"allow":["GET"]}}],"collection":[{"href":"https:\/\/dossenberger.de\/index.php?rest_route=\/wp\/v2\/pages"}],"about":[{"href":"https:\/\/dossenberger.de\/index.php?rest_route=\/wp\/v2\/types\/page"}],"author":[{"embeddable":true,"href":"https:\/\/dossenberger.de\/index.php?rest_route=\/wp\/v2\/users\/1"}],"replies":[{"embeddable":true,"href":"https:\/\/dossenberger.de\/index.php?rest_route=%2Fwp%2Fv2%2Fcomments&post=370"}],"version-history":[{"count":5,"href":"https:\/\/dossenberger.de\/index.php?rest_route=\/wp\/v2\/pages\/370\/revisions"}],"predecessor-version":[{"id":14890,"href":"https:\/\/dossenberger.de\/index.php?rest_route=\/wp\/v2\/pages\/370\/revisions\/14890"}],"up":[{"embeddable":true,"href":"https:\/\/dossenberger.de\/index.php?rest_route=\/wp\/v2\/pages\/326"}],"wp:attachment":[{"href":"https:\/\/dossenberger.de\/index.php?rest_route=%2Fwp%2Fv2%2Fmedia&parent=370"}],"curies":[{"name":"wp","href":"https:\/\/api.w.org\/{rel}","templated":true}]}}