{"id":447,"date":"2015-12-27T08:19:18","date_gmt":"2015-12-27T07:19:18","guid":{"rendered":"http:\/\/dossenberger.de\/?page_id=447"},"modified":"2023-03-28T13:07:56","modified_gmt":"2023-03-28T11:07:56","slug":"spanien-austausch","status":"publish","type":"page","link":"https:\/\/dossenberger.de\/?page_id=447","title":{"rendered":"Sch\u00fcleraustausch mit Teneriffa"},"content":{"rendered":"<h2><strong><span style=\"font-size: 14pt;\">Sch\u00fcleraustausch mit dem Instituto IES Viera y Clavijo in San Crist\u00f3bal de la Laguna<\/span><\/strong><\/h2>\n<p>Wir freuen uns sehr im Rahmen eines P-Seminars eine neue Partnerschule in Spanien gefunden zu haben. Die Sekundarschule IES Viera y Clavijo (7.-12. Jgst.) bietet den Sch\u00fclern das Fach Deutsch als Fremdsprache ab der 7. Klasse an. Somit passt die Schule mit ihrer Sch\u00fclerschaft sehr gut zu unseren Sch\u00fclern, die Spanisch lernen, da sich so Spanier und Deutsche in ihrem jeweiligen Spracherwerb optimal unterst\u00fctzen k\u00f6nnen. Die geschichtlich bedeutende Stadt San Crist\u00f3bal de La Laguna auf der Kanareninsel Teneriffa bietet zudem sehr viele attraktive Ausflugsm\u00f6glichkeiten.<\/p>\n<ul>\n<li><a href=\"https:\/\/dossenberger.de\/?p=12844\">Sch\u00fcleraustausch mit Teneriffa 2022\/2023: R\u00fcckbesuch 17.3.-24.3.2023<\/a><\/li>\n<li><a href=\"https:\/\/dossenberger.de\/?p=12785\">Sch\u00fcleraustausch mit Teneriffa 2022\/2023: Hinreise 07.02.-14.02.2023<\/a><\/li>\n<li><a href=\"https:\/\/read.bookcreator.com\/CMCYP2yxsUhuo4efMdCqfI1bbBrIAdReWrgFXGasBJA\/rCwdkQS-R9K7uyz6fpbLww\" target=\"_blank\" rel=\"noopener\">Sch\u00fcleraustausch mit Teneriffa 2020\/2021: \u201ein Briefform\u201c und digital im Bookcreator<\/a><\/li>\n<li><a href=\"https:\/\/dossenberger.de\/?p=8637\">Sch\u00fcleraustausch mit Teneriffa 2019\/2020: R\u00fcckbesuch 29.1.-5.2.2020<\/a><\/li>\n<li><a href=\"https:\/\/dossenberger.de\/?p=8228\">Sch\u00fcleraustausch mit Teneriffa 2019\/2020: Hinreise 19.10.-26.10.2019<\/a><\/li>\n<li><a href=\"https:\/\/dossenberger.de\/?p=7096\" target=\"_blank\" rel=\"noopener noreferrer\">Sch\u00fcleraustausch mit Teneriffa 2018\/2019: R\u00fcckbesuch 29.01-05.02.2019<\/a><\/li>\n<li><a href=\"https:\/\/dossenberger.de\/?p=6316\">Sch\u00fcleraustausch mit Teneriffa 2018\/2019: Hinreise vom 19.10.-26.10.2018<\/a><\/li>\n<li><a href=\"https:\/\/dossenberger.de\/?p=5148\">Sch\u00fcleraustausch mit Teneriffa 2017\/2018: R\u00fcckbesuch 16.01.-23.01.2018<\/a><br \/>\n<a href=\"https:\/\/dossenberger.de\/?p=5144\">Sch\u00fcleraustausch mit Teneriffa 2017\/2018<\/a><\/li>\n<li><a href=\"https:\/\/dossenberger.de\/?p=4061\">Sch\u00fcleraustausch mit Teneriffa \u2013 Hinreise 24.10.-29.10.2017<\/a><\/li>\n<\/ul>\n<p><a href=\"http:\/\/www3.gobiernodecanarias.org\/medusa\/edublog\/iesvierayclavijo\/2019\/02\/03\/visita-de-nuestro-alumnado-al-instituto-dossenberger-gymnasium-baviera\/\" target=\"_blank\" rel=\"noopener noreferrer\">Link zur Schulhomepage der spanischen Schule<\/a><\/p>\n","protected":false},"excerpt":{"rendered":"<p>Sch\u00fcleraustausch mit dem Instituto IES Viera y Clavijo in San Crist\u00f3bal de la Laguna Wir freuen uns sehr im Rahmen<\/p>\n","protected":false},"author":1,"featured_media":0,"parent":445,"menu_order":0,"comment_status":"closed","ping_status":"closed","template":"","meta":{"colormag_page_container_layout":"default_layout","colormag_page_sidebar_layout":"default_layout","ngg_post_thumbnail":0,"_price":"","_stock":"","_tribe_ticket_header":"","_tribe_default_ticket_provider":"","_tribe_ticket_capacity":"0","_ticket_start_date":"","_ticket_end_date":"","_tribe_ticket_show_description":"","_tribe_ticket_show_not_going":false,"_tribe_ticket_use_global_stock":"","_tribe_ticket_global_stock_level":"","_global_stock_mode":"","_global_stock_cap":"","_tribe_rsvp_for_event":"","_tribe_ticket_going_count":"","_tribe_ticket_not_going_count":"","_tribe_tickets_list":"[]","_tribe_ticket_has_attendee_info_fields":false,"footnotes":"","_tec_slr_enabled":"","_tec_slr_layout":""},"class_list":["post-447","page","type-page","status-publish","hentry"],"ticketed":false,"_links":{"self":[{"href":"https:\/\/dossenberger.de\/index.php?rest_route=\/wp\/v2\/pages\/447","targetHints":{"allow":["GET"]}}],"collection":[{"href":"https:\/\/dossenberger.de\/index.php?rest_route=\/wp\/v2\/pages"}],"about":[{"href":"https:\/\/dossenberger.de\/index.php?rest_route=\/wp\/v2\/types\/page"}],"author":[{"embeddable":true,"href":"https:\/\/dossenberger.de\/index.php?rest_route=\/wp\/v2\/users\/1"}],"replies":[{"embeddable":true,"href":"https:\/\/dossenberger.de\/index.php?rest_route=%2Fwp%2Fv2%2Fcomments&post=447"}],"version-history":[{"count":22,"href":"https:\/\/dossenberger.de\/index.php?rest_route=\/wp\/v2\/pages\/447\/revisions"}],"predecessor-version":[{"id":12855,"href":"https:\/\/dossenberger.de\/index.php?rest_route=\/wp\/v2\/pages\/447\/revisions\/12855"}],"up":[{"embeddable":true,"href":"https:\/\/dossenberger.de\/index.php?rest_route=\/wp\/v2\/pages\/445"}],"wp:attachment":[{"href":"https:\/\/dossenberger.de\/index.php?rest_route=%2Fwp%2Fv2%2Fmedia&parent=447"}],"curies":[{"name":"wp","href":"https:\/\/api.w.org\/{rel}","templated":true}]}}