{"id":633,"date":"2015-12-28T13:34:25","date_gmt":"2015-12-28T12:34:25","guid":{"rendered":"http:\/\/dossenberger.de\/?page_id=633"},"modified":"2026-04-19T07:13:28","modified_gmt":"2026-04-19T05:13:28","slug":"literatur-ag","status":"publish","type":"page","link":"https:\/\/dossenberger.de\/?page_id=633","title":{"rendered":"Literatur-AG"},"content":{"rendered":"<p>&nbsp;<\/p>\n<p>\u2026 f\u00fcr Sch\u00fclerinnen und Sch\u00fcler ab der 10. Jahrgangsstufe.<\/p>\n<p>Wir lesen jeden Monat einen Roman oder Jugendroman, dessen Erscheinen in der Regel nicht l\u00e4nger als f\u00fcnf Jahre zur\u00fcckliegt. Bei den gemeinsamen Treffen unterhalten wir uns \u00fcber dessen Inhalt, wir tauschen Leseerfahrungen aus und diskutieren \u00fcber die Qualit\u00e4t des Gelesenen. Au\u00dferdem besteht im<\/p>\n<p>Verlauf des Schuljahrs die M\u00f6glichkeit, an einer Fahrt zur Leipziger Buchmesse und an Autorenlesungen teilzunehmen.<\/p>\n<p>Weitere Buchtipps unter <a href=\"http:\/\/www.leseforum.bayern.de\/\" target=\"_blank\" rel=\"noopener noreferrer\">Leseforum Bayern<\/a>.<\/p>\n<table style=\"width: 100%; height: 60px;\">\n<tbody>\n<tr style=\"height: 20px;\">\n<td style=\"height: 20px;\"><strong>Lehrer<\/strong><\/td>\n<td style=\"height: 20px;\">Frenken<\/td>\n<\/tr>\n<tr style=\"height: 20px;\">\n<td style=\"height: 20px;\"><strong>Zeit\/Ort<\/strong><\/td>\n<td style=\"height: 20px;\">siehe jeweils beim einzelnen Buchvorschlag<\/td>\n<\/tr>\n<tr style=\"height: 20px;\">\n<td style=\"height: 20px;\"><strong>Teilnehmer<\/strong><\/td>\n<td style=\"height: 20px;\">Jahrgangsstufe 10-13<\/td>\n<\/tr>\n<\/tbody>\n<\/table>\n<h3><strong>Schuljahr 2025\/2026<br \/>\n<\/strong><\/h3>\n<table style=\"border-collapse: collapse; width: 100%;\">\n<tbody>\n<tr>\n<td style=\"width: 33.3333%;\">\n<ul>\n<li>Mai 2026<\/li>\n<li>April 2026<\/li>\n<li>M\u00e4rz 2026<\/li>\n<li>Februar 2026<\/li>\n<li>Januar 2026<\/li>\n<li>Dezember 2025<\/li>\n<li>November 2025<\/li>\n<li>Oktober 2025<\/li>\n<\/ul>\n<\/td>\n<td style=\"width: 66.6667%;\">\n<ul>\n<li><a href=\"https:\/\/dossenberger.de\/?p=15376\">Wie ein Herzschlag auf Asphalt<\/a><\/li>\n<li><a href=\"https:\/\/dossenberger.de\/?p=15341\">Pi mal Daumen<\/a><\/li>\n<li><a href=\"https:\/\/dossenberger.de\/?p=15263\">Kanak Kids<\/a><\/li>\n<li><a href=\"https:\/\/dossenberger.de\/?p=15198\">Die Stille der Frauen<\/a><\/li>\n<li><a href=\"https:\/\/dossenberger.de\/?p=15184\">Blut und Schokolade<\/a><\/li>\n<li><a href=\"https:\/\/dossenberger.de\/?p=15103\">Vorsehung<\/a><\/li>\n<li><a href=\"https:\/\/dossenberger.de\/?p=15067\">See You Yesterday<\/a><\/li>\n<li><a href=\"https:\/\/dossenberger.de\/?p=14979\">Windst\u00e4rke 17<\/a><\/li>\n<\/ul>\n<\/td>\n<\/tr>\n<\/tbody>\n<\/table>\n<h3><strong>&nbsp;<\/strong><\/h3>\n<h3><strong>Schuljahr 2024\/2025<\/strong><\/h3>\n<table style=\"width: 100%; height: 59px;\">\n<tbody>\n<tr>\n<td style=\"width: 32.8947%;\">\n<ul>\n<li>Juli 2025<\/li>\n<li>Juni 2025<\/li>\n<li>Mai 2025<\/li>\n<li>April 2025<\/li>\n<li>M\u00e4rz 2025<\/li>\n<li>Februar 2025<\/li>\n<li>Januar 2025<\/li>\n<li>Dezember 2024<\/li>\n<li>November 2024<\/li>\n<li>Oktober 2024<\/li>\n<\/ul>\n<\/td>\n<td style=\"width: 67.0175%;\">\n<ul>\n<li><a href=\"https:\/\/dossenberger.de\/?p=14749\">&#8220;Umlaufbahnen&#8221;<\/a><\/li>\n<li><a href=\"https:\/\/dossenberger.de\/?p=14681\">&#8220;Engel der letzten Nacht&#8221;<\/a><\/li>\n<li><a href=\"https:\/\/dossenberger.de\/?p=14595\">&#8220;Paradise Garden&#8221;<\/a><\/li>\n<li><a href=\"https:\/\/dossenberger.de\/?p=14565\">&#8220;Toffee&#8221;<\/a><\/li>\n<li><a href=\"https:\/\/dossenberger.de\/?p=14505\">&#8220;Speak Up&#8221;<\/a><\/li>\n<li><a href=\"https:\/\/dossenberger.de\/?p=14410\">&#8220;Shatter Me&#8221;<\/a><\/li>\n<li><a href=\"https:\/\/dossenberger.de\/?p=14341\">&#8220;Play&#8221;<\/a><\/li>\n<li><a href=\"https:\/\/dossenberger.de\/?p=14256\">&#8220;Die Ladenh\u00fcterin&#8221;<\/a><\/li>\n<li><a href=\"https:\/\/dossenberger.de\/?p=14199\">&#8220;Dry&#8221;<\/a><\/li>\n<li><a href=\"https:\/\/dossenberger.de\/?p=14157\">&#8220;Scandor&#8221;<\/a><\/li>\n<\/ul>\n<\/td>\n<\/tr>\n<\/tbody>\n<\/table>\n<p>&nbsp;<\/p>\n<h3><strong>Schuljahr 2023\/2024<\/strong><\/h3>\n<table style=\"width: 100%; height: 59px;\">\n<tbody>\n<tr>\n<td style=\"width: 32.8947%;\">\n<ul>\n<li>Juli 2024<\/li>\n<li>Juni 2024<\/li>\n<li>Mai 2024<\/li>\n<li>April 2024<\/li>\n<li>M\u00e4rz 2024<\/li>\n<li>Februar 2024<\/li>\n<li>Januar 2024<\/li>\n<li>Dezember 2023<\/li>\n<li>November 2023<\/li>\n<li>Oktober 2023<\/li>\n<\/ul>\n<\/td>\n<td style=\"width: 67.0175%;\">\n<ul>\n<li><a href=\"https:\/\/dossenberger.de\/?p=13982\">&#8220;22 Bahnen&#8221;<\/a><\/li>\n<li><a href=\"https:\/\/dossenberger.de\/?p=13947\">&#8220;Fair Play&#8221;<\/a><\/li>\n<li><a href=\"https:\/\/dossenberger.de\/?p=13882\">&#8220;Pik-Ass&#8221;<\/a><\/li>\n<li><a href=\"https:\/\/dossenberger.de\/?p=13817\">&#8220;Tokioregen&#8221;<\/a><\/li>\n<li><a href=\"https:\/\/dossenberger.de\/?p=13729\">&#8220;Marilu&#8221;<\/a><\/li>\n<li><a href=\"https:\/\/dossenberger.de\/?p=13677\">&#8220;Gittersee&#8221;<\/a><\/li>\n<li><a href=\"https:\/\/dossenberger.de\/?p=13608\">&#8220;Das Lied der Kr\u00e4hen&#8221;<\/a><\/li>\n<li><a href=\"https:\/\/dossenberger.de\/?p=13514\">&#8220;Boy in a White Room&#8221;<\/a><\/li>\n<li><a href=\"https:\/\/dossenberger.de\/?p=13435\">&#8220;A Good Girl&#8217;s Guide to Murder&#8221;<\/a><\/li>\n<li><a href=\"https:\/\/dossenberger.de\/?p=13353\">&#8220;Last Night at the Telegraph Club&#8221;<\/a><\/li>\n<\/ul>\n<\/td>\n<\/tr>\n<\/tbody>\n<\/table>\n<h3>&nbsp;<\/h3>\n<h3><strong>Schuljahr 2022\/2023<\/strong><\/h3>\n<table>\n<tbody>\n<tr>\n<td style=\"width: 177.467px;\">\n<ul>\n<li>Juli 2023<\/li>\n<li>Juni 2023<\/li>\n<li>Mai 2023<\/li>\n<li>April 2023<\/li>\n<li>M\u00e4rz 2023<\/li>\n<li>Februar 2023<\/li>\n<li>Januar 2023<\/li>\n<li>Dezember 2022<\/li>\n<li>November 2022<\/li>\n<li>Oktober 2022<\/li>\n<\/ul>\n<\/td>\n<td style=\"width: 382.533px;\">\n<ul>\n<li><a href=\"https:\/\/dossenberger.de\/?p=13048\">&#8220;Bus 57&#8221;<\/a><\/li>\n<li><a href=\"https:\/\/dossenberger.de\/?p=13012\">&#8220;Hard Land&#8221;<\/a><\/li>\n<li><a href=\"https:\/\/dossenberger.de\/?p=12893\">&#8220;Die Mitternachtsbibliothek&#8221;<\/a><\/li>\n<li><a href=\"https:\/\/dossenberger.de\/?p=12807\">&#8220;Girl in Pieces&#8221;<\/a><\/li>\n<li><a href=\"https:\/\/dossenberger.de\/?p=12747\">&#8220;Die Nacht so gro\u00df wie wir&#8221;<\/a><\/li>\n<li><a href=\"https:\/\/dossenberger.de\/?p=12679\">&#8220;ROXY&#8221;<\/a><\/li>\n<li><a href=\"https:\/\/dossenberger.de\/?p=12587\">&#8220;Isola&#8221;<\/a><\/li>\n<li><a href=\"https:\/\/dossenberger.de\/?p=12478\">&#8220;Was wir dachten, was wir taten&#8221;<\/a><\/li>\n<li><a href=\"https:\/\/dossenberger.de\/?p=12440\">&#8220;Uncover &#8211; Die Trollfabrik&#8221;<\/a><\/li>\n<li><a href=\"https:\/\/dossenberger.de\/?p=12357\">&#8220;Nachtschw\u00e4rmerin&#8221;<\/a><\/li>\n<\/ul>\n<\/td>\n<\/tr>\n<\/tbody>\n<\/table>\n<h3>&nbsp;<\/h3>\n<h3><strong>Schuljahr 2021\/2022<\/strong><\/h3>\n<table>\n<tbody>\n<tr>\n<td style=\"width: 177.467px;\">\n<ul>\n<li>Juli 2022<\/li>\n<li>Juni 2022<\/li>\n<li>Mai 2022<\/li>\n<li>April 2022<\/li>\n<li>M\u00e4rz 2022<\/li>\n<li>Februar 2022<\/li>\n<li>Januar 2022<\/li>\n<li>Dezember 2021<\/li>\n<li>November 2021<\/li>\n<li>Oktober 2021<\/li>\n<\/ul>\n<\/td>\n<td style=\"width: 382.533px;\">\n<ul>\n<li>&#8220;FELIX ever after&#8221;<\/li>\n<li>&#8220;Am Ende sterben wir sowieso&#8221;<\/li>\n<li>&#8220;missing Sophie&#8221;<\/li>\n<li>&#8220;\u00dcber die Berge und \u00fcber das Meer&#8221;<\/li>\n<li>&#8220;Der Astronaut&#8221;<\/li>\n<li>&#8220;Bad Castro&#8221;<\/li>\n<li>&#8220;Das wirkliche Leben&#8221;<\/li>\n<li>&#8220;ONE OF US IS NEXT&#8221;<\/li>\n<li>&#8220;FUTURE HISTORY 2050&#8221;<\/li>\n<li>&#8220;Verraten&#8221;<\/li>\n<\/ul>\n<\/td>\n<\/tr>\n<\/tbody>\n<\/table>\n<h3>&nbsp;<\/h3>\n<h3><strong>Schuljahr 2020\/2021<\/strong><\/h3>\n<table>\n<tbody>\n<tr>\n<td style=\"width: 177.467px;\">\n<ul>\n<li>Juli 2021<\/li>\n<li>Juni 2021<\/li>\n<li>Mai 2021<\/li>\n<li>April 2021<\/li>\n<li>M\u00e4rz 2021<\/li>\n<li>Februar 2021<\/li>\n<li>Januar 2021<\/li>\n<li>Dezember 2020<\/li>\n<li>November 2020<\/li>\n<li>Oktober 2020<\/li>\n<\/ul>\n<\/td>\n<td style=\"width: 382.533px;\">\n<ul>\n<li>&#8220;Perfect Storm&#8221;<\/li>\n<li>&#8220;Die Gabe&#8221;<\/li>\n<li>&#8220;Klara und die Sonne&#8221;<\/li>\n<li>&#8220;LONG WAY DOWN&#8221;<\/li>\n<li>&#8220;L\u00fcgentochter&#8221;<\/li>\n<li>&#8220;Aluta&#8221;<\/li>\n<li>&#8220;Das Lied vom Ende&#8221;<\/li>\n<li>&#8220;Die Nackten&#8221;<\/li>\n<li>&#8220;Cryptos&#8221;<\/li>\n<li>&#8220;Normale Menschen&#8221;<\/li>\n<\/ul>\n<\/td>\n<\/tr>\n<\/tbody>\n<\/table>\n<h3><strong><br \/>\nSchuljahr 2019\/2020<\/strong><\/h3>\n<p>&#8220;Licht&#8221;<br \/>\n&#8220;HEART WARE&#8221;<br \/>\n&#8220;Blackbird&#8221;<br \/>\n&#8220;Krumme Type, krumme Type&#8221;<br \/>\n&#8220;Kleines Land&#8221;<br \/>\n&#8220;ONE OF US IS LYING&#8221;<br \/>\n&#8220;Maschinen wie ich&#8221;<br \/>\n&#8220;Sprich&#8221;<br \/>\n&#8220;Mind Games&#8221;<br \/>\n&#8220;Kompass ohne Norden&#8221;<\/p>\n<p>&nbsp;<\/p>\n<h3><strong>Schuljahr 2018\/2019<\/strong><\/h3>\n<p>&#8220;Ellbogen&#8221;<br \/>\n&#8220;City of Thieves&#8221;<br \/>\n&#8220;Das zweite Leben des Travis Coates&#8221;<br \/>\n&#8220;Marthas Widerstand&#8221;<br \/>\n&#8220;Vom Ende der Einsamkeit&#8221;<br \/>\n&#8220;Nur drei Worte &#8211; Love, Simon&#8221;<br \/>\n&#8220;THE HATE U GIVE&#8221;<br \/>\n&#8220;Thalamus&#8221;<br \/>\n&#8220;Der Club&#8221;<br \/>\n&#8220;American War&#8221;<\/p>\n<p>&nbsp;<\/p>\n<h3><strong>Schuljahr 2017\/2018<\/strong><\/h3>\n<p>&#8220;The Girls&#8221;<br \/>\n&#8220;Schlaft gut, ihr fiesen Gedanken&#8221;<br \/>\n&#8220;Bis die Sterne zittern&#8221;<br \/>\n&#8220;Ein wenig Gl\u00fcck&#8221;<br \/>\n&#8220;54 Minuten&#8221;<br \/>\n&#8220;Aquila&#8221;<br \/>\n&#8220;Was uns bleibt ist jetzt&#8221;<br \/>\n&#8220;The Girl Before&#8221;<br \/>\n&#8220;Alles, was wir geben mussten&#8221;<br \/>\n&#8220;Ich wuchs auf einem Schrottplatz auf &#8230;&#8221;<\/p>\n<p>&nbsp;<\/p>\n<h3><strong>Schuljahr 2016\/2017<\/strong><\/h3>\n<p>&#8220;Tote M\u00e4dchen l\u00fcgen nicht&#8221;<br \/>\n&#8220;Die Geschichte der Bienen&#8221;<br \/>\n&#8220;Elanus&#8221;&nbsp;<br \/>\n&#8220;funny girl&#8221;<br \/>\n&#8220;Was fehlt, wenn ich verschwunden bin&#8221;<br \/>\n&#8220;Girl On The Train&#8221;<br \/>\n&#8220;L\u00f6wen wecken&#8221;<br \/>\n&#8220;Der Trafikant&#8221;<br \/>\n&#8220;N\u00e4chsten Sommer&#8221;<br \/>\n&#8220;Kleiner Wahn&#8221;<\/p>\n<p>&nbsp;<\/p>\n<h3><strong>Schuljahr 2015\/2016<\/strong><\/h3>\n<p>&#8220;Altes Land&#8221;<br \/>\n&#8220;Auerhaus&#8221;<br \/>\n&#8220;Spritztour&#8221;<br \/>\n&#8220;Die Eleganz des Igels&#8221;<br \/>\n&#8220;F\u00fcr immer vielleicht&#8221;<br \/>\n&#8220;Americanah&#8221;<br \/>\n&#8220;Die sch\u00f6nste Zeit des Lebens&#8221;<br \/>\n&#8220;Bilder deiner gro\u00dfen Liebe&#8221;<br \/>\n&#8220;Happy Birthday, Leonhard Peacock&#8221;<br \/>\n&#8220;Der Circle&#8221;<\/p>\n<p>&nbsp;<\/p>\n<h3><strong>Schuljahr 2014\/2015<\/strong><\/h3>\n<p>\u201cNenn mich einfach Superheld\u201d<br \/>\n\u201cGone girl\u201d<br \/>\n\u201cDu wirst schon noch sehen, wozu es gut ist\u201d<br \/>\n\u201cDer Atem der Welt\u201d<br \/>\n\u201cEine wie Alaska\u201d<br \/>\n\u201cBlueprint Blaupause\u201d<br \/>\n\u201cHand aufs Herz\u201d<br \/>\n\u201cSchneewittchen muss sterben\u201d<br \/>\n\u201cLetztendlich sind wir dem Universum egal\u201d<br \/>\n\u201cTraumsammler\u201d<\/p>\n<p>&nbsp;<\/p>\n<h3><strong>Schuljahr 2013\/2014<\/strong><\/h3>\n<p>\u201cNumbers \u2013 Den Tod im Blick\u201d<br \/>\n\u201cLegend \u2013 Fallender Himmel\u201d<br \/>\n\u201cNo &amp; ich\u201d<br \/>\n\u201cDie B\u00fccherdiebin\u201d<br \/>\n\u201cCorpus Delicti\u201d<br \/>\n\u201c19 Minuten\u201d<br \/>\n\u201cAdam und Evelyn\u201d<br \/>\n\u201cNur eine Liste\u201d<br \/>\n\u201cDas Schicksal ist ein mieser Verr\u00e4ter\u201d<br \/>\n\u201cExtrem laut und unglaublich nah\u201d<\/p>\n<p>&nbsp;<\/p>\n","protected":false},"excerpt":{"rendered":"<p>&nbsp; \u2026 f\u00fcr Sch\u00fclerinnen und Sch\u00fcler ab der 10. Jahrgangsstufe. Wir lesen jeden Monat einen Roman oder Jugendroman, dessen Erscheinen<\/p>\n","protected":false},"author":1,"featured_media":0,"parent":626,"menu_order":0,"comment_status":"closed","ping_status":"closed","template":"","meta":{"colormag_page_container_layout":"default_layout","colormag_page_sidebar_layout":"default_layout","ngg_post_thumbnail":0,"_price":"","_stock":"","_tribe_ticket_header":"","_tribe_default_ticket_provider":"","_tribe_ticket_capacity":"0","_ticket_start_date":"","_ticket_end_date":"","_tribe_ticket_show_description":"","_tribe_ticket_show_not_going":false,"_tribe_ticket_use_global_stock":"","_tribe_ticket_global_stock_level":"","_global_stock_mode":"","_global_stock_cap":"","_tribe_rsvp_for_event":"","_tribe_ticket_going_count":"","_tribe_ticket_not_going_count":"","_tribe_tickets_list":"[]","_tribe_ticket_has_attendee_info_fields":false,"footnotes":"","_tec_slr_enabled":"","_tec_slr_layout":""},"class_list":["post-633","page","type-page","status-publish","hentry"],"ticketed":false,"_links":{"self":[{"href":"https:\/\/dossenberger.de\/index.php?rest_route=\/wp\/v2\/pages\/633","targetHints":{"allow":["GET"]}}],"collection":[{"href":"https:\/\/dossenberger.de\/index.php?rest_route=\/wp\/v2\/pages"}],"about":[{"href":"https:\/\/dossenberger.de\/index.php?rest_route=\/wp\/v2\/types\/page"}],"author":[{"embeddable":true,"href":"https:\/\/dossenberger.de\/index.php?rest_route=\/wp\/v2\/users\/1"}],"replies":[{"embeddable":true,"href":"https:\/\/dossenberger.de\/index.php?rest_route=%2Fwp%2Fv2%2Fcomments&post=633"}],"version-history":[{"count":179,"href":"https:\/\/dossenberger.de\/index.php?rest_route=\/wp\/v2\/pages\/633\/revisions"}],"predecessor-version":[{"id":15380,"href":"https:\/\/dossenberger.de\/index.php?rest_route=\/wp\/v2\/pages\/633\/revisions\/15380"}],"up":[{"embeddable":true,"href":"https:\/\/dossenberger.de\/index.php?rest_route=\/wp\/v2\/pages\/626"}],"wp:attachment":[{"href":"https:\/\/dossenberger.de\/index.php?rest_route=%2Fwp%2Fv2%2Fmedia&parent=633"}],"curies":[{"name":"wp","href":"https:\/\/api.w.org\/{rel}","templated":true}]}}