{"id":6780,"date":"2019-01-15T15:58:10","date_gmt":"2019-01-15T14:58:10","guid":{"rendered":"https:\/\/dossenberger.de\/?page_id=6780"},"modified":"2025-05-09T06:57:17","modified_gmt":"2025-05-09T04:57:17","slug":"beantragung-einer-fahrkarte","status":"publish","type":"page","link":"https:\/\/dossenberger.de\/?page_id=6780","title":{"rendered":"Bef\u00f6rderungsantrag (Kostenfreiheit des Schulwegs)"},"content":{"rendered":"\n<p class=\"has-vivid-cyan-blue-color has-text-color\"><\/p>\n\n\n\n<p><a href=\"https:\/\/www.schulantrag.de\/anmeldung\/swonline\/ssl\/antrag-start-01.asp?l=00409774000&amp;AntrSchKein=1\" target=\"_blank\" rel=\"noreferrer noopener\">Beantragung einer Fahrkarte &#8230;<\/a> f\u00fcr Sch\u00fcler aus dem Landkreis <strong>G\u00fcnzburg<\/strong><\/p>\n\n\n\n<p><a rel=\"noreferrer noopener\" href=\"https:\/\/www.schulantrag.de\/anmeldung\/swonline\/ssl\/antrag-start-01.asp?l=00409773000&amp;AntrSchKein=1\" target=\"_blank\">Beantragung einer Fahrkarte &#8230;<\/a>    f\u00fcr Sch\u00fcler aus dem Landkreis <strong>Dillingen  <\/strong><\/p>\n\n\n\n<p><\/p>\n\n\n\n\n","protected":false},"excerpt":{"rendered":"<p>Beantragung einer Fahrkarte &#8230; f\u00fcr Sch\u00fcler aus dem Landkreis G\u00fcnzburg Beantragung einer Fahrkarte &#8230; f\u00fcr Sch\u00fcler aus dem Landkreis Dillingen<\/p>\n","protected":false},"author":2,"featured_media":0,"parent":0,"menu_order":0,"comment_status":"closed","ping_status":"closed","template":"","meta":{"colormag_page_container_layout":"default_layout","colormag_page_sidebar_layout":"default_layout","ngg_post_thumbnail":0,"_price":"","_stock":"","_tribe_ticket_header":"","_tribe_default_ticket_provider":"","_tribe_ticket_capacity":"0","_ticket_start_date":"","_ticket_end_date":"","_tribe_ticket_show_description":"","_tribe_ticket_show_not_going":false,"_tribe_ticket_use_global_stock":"","_tribe_ticket_global_stock_level":"","_global_stock_mode":"","_global_stock_cap":"","_tribe_rsvp_for_event":"","_tribe_ticket_going_count":"","_tribe_ticket_not_going_count":"","_tribe_tickets_list":"[]","_tribe_ticket_has_attendee_info_fields":false,"footnotes":"","_tec_slr_enabled":"","_tec_slr_layout":""},"class_list":["post-6780","page","type-page","status-publish","hentry"],"ticketed":false,"_links":{"self":[{"href":"https:\/\/dossenberger.de\/index.php?rest_route=\/wp\/v2\/pages\/6780","targetHints":{"allow":["GET"]}}],"collection":[{"href":"https:\/\/dossenberger.de\/index.php?rest_route=\/wp\/v2\/pages"}],"about":[{"href":"https:\/\/dossenberger.de\/index.php?rest_route=\/wp\/v2\/types\/page"}],"author":[{"embeddable":true,"href":"https:\/\/dossenberger.de\/index.php?rest_route=\/wp\/v2\/users\/2"}],"replies":[{"embeddable":true,"href":"https:\/\/dossenberger.de\/index.php?rest_route=%2Fwp%2Fv2%2Fcomments&post=6780"}],"version-history":[{"count":12,"href":"https:\/\/dossenberger.de\/index.php?rest_route=\/wp\/v2\/pages\/6780\/revisions"}],"predecessor-version":[{"id":14666,"href":"https:\/\/dossenberger.de\/index.php?rest_route=\/wp\/v2\/pages\/6780\/revisions\/14666"}],"wp:attachment":[{"href":"https:\/\/dossenberger.de\/index.php?rest_route=%2Fwp%2Fv2%2Fmedia&parent=6780"}],"curies":[{"name":"wp","href":"https:\/\/api.w.org\/{rel}","templated":true}]}}