{"id":6943,"date":"2019-02-03T17:00:26","date_gmt":"2019-02-03T16:00:26","guid":{"rendered":"https:\/\/dossenberger.de\/?page_id=6943"},"modified":"2019-02-03T17:23:06","modified_gmt":"2019-02-03T16:23:06","slug":"aktuellen-notenstand-immer-im-blick-mit-der-notenrechner-app","status":"publish","type":"page","link":"https:\/\/dossenberger.de\/?page_id=6943","title":{"rendered":"Aktuellen Notenstand immer im Blick mit der Notenrechner-App"},"content":{"rendered":"\n<p>Das Dossenberger-Gymnasium hat jetzt seine eigene Notenrechner-App.<br><\/p>\n\n\n\n<p>Im Klappmen\u00fc \u00fcber der Noten\u00fcbersicht kann man die F\u00e4cher ausw\u00e4hlen, Noten eintragen und die Durchschnitte berechnen lassen (Achtung, evtl. unterschiedliche Gewichtung bei den Lehrern erfragen!). So hat man immer den aktuellen Schnitt vor Augen und kann au\u00dferdem versuchsweise weitere Noten eingeben und ausrechnen lassen, zu welchem neuen Gesamtschnitt diese f\u00fchren w\u00fcrden.<\/p>\n\n\n\n<div class=\"wp-block-image\"><figure class=\"aligncenter\"><img loading=\"lazy\" decoding=\"async\" width=\"303\" height=\"640\" src=\"https:\/\/dossenberger.de\/wp-content\/uploads\/2019\/02\/Notenrechner1.jpg\" alt=\"\" class=\"wp-image-6944\" srcset=\"https:\/\/dossenberger.de\/wp-content\/uploads\/2019\/02\/Notenrechner1.jpg 303w, https:\/\/dossenberger.de\/wp-content\/uploads\/2019\/02\/Notenrechner1-142x300.jpg 142w\" sizes=\"auto, (max-width: 303px) 100vw, 303px\" \/><\/figure><\/div>\n\n\n\n<p><\/p>\n\n\n\n<p>In der \u00dcbersicht stehen die aktuellen Schnitte aller F\u00e4cher, ab 4,4 in orange und ab 4,51 in rot. Dazu zeigt der &#8220;Gef\u00e4hrdungsstatus&#8221; an, ob insgesamt alles im gr\u00fcnen Bereich ist, ob mehrere F\u00e4cher gerade ausreichend sind (gelb), ob es noch knapp reichen w\u00fcrde (orange) oder ob nach dem momentanen Stand der Dinge das Klassenziel nicht erreicht w\u00e4re (rot). F\u00e4cher, die man im aktuellen Schuljahr nicht hat, lassen sich ausblenden, und zu Beginn des neuen Schuljahres lassen sich per Reset-Button alle Eintragungen des Vorjahres zur\u00fcck auf Null setzen. F\u00fcr beide Funktionen bitte auf der Hauptseite nach unten scrollen.<\/p>\n\n\n<table style=\"height: 578px;\">\n<tbody>\n<tr style=\"height: 578px;\">\n<td style=\"height: 578px; width: 562px;\">\n<table>\n<tbody>\n<tr>\n<td style=\"width: 288.517px;\"><img loading=\"lazy\" decoding=\"async\" class=\"alignleft  wp-image-6945\" src=\"https:\/\/dossenberger.de\/wp-content\/uploads\/2019\/02\/Notenrechner2.jpg\" alt=\"\" width=\"259\" height=\"547\" srcset=\"https:\/\/dossenberger.de\/wp-content\/uploads\/2019\/02\/Notenrechner2.jpg 303w, https:\/\/dossenberger.de\/wp-content\/uploads\/2019\/02\/Notenrechner2-142x300.jpg 142w\" sizes=\"auto, (max-width: 259px) 100vw, 259px\" \/><\/td>\n<td style=\"width: 261.483px;\"><img loading=\"lazy\" decoding=\"async\" class=\"alignright  wp-image-6947\" src=\"https:\/\/dossenberger.de\/wp-content\/uploads\/2019\/02\/Notenrechner3.jpg\" alt=\"\" width=\"269\" height=\"568\" srcset=\"https:\/\/dossenberger.de\/wp-content\/uploads\/2019\/02\/Notenrechner3.jpg 303w, https:\/\/dossenberger.de\/wp-content\/uploads\/2019\/02\/Notenrechner3-142x300.jpg 142w\" sizes=\"auto, (max-width: 269px) 100vw, 269px\" \/><\/td>\n<\/tr>\n<\/tbody>\n<\/table>\n<\/td>\n<\/tr>\n<\/tbody>\n<\/table>\n\n\n<p style=\"text-align:center\"><a rel=\"noreferrer noopener\" aria-label=\" (\u00f6ffnet in neuem Tab)\" href=\"https:\/\/dossenberger.de\/wp-content\/uploads\/2019\/02\/Notenrechner.apk\" target=\"_blank\">Download der App-Inventor-Datei &#8230;<\/a><\/p>\n\n\n\n<p> <\/p>\n\n\n\n<p><\/p>\n\n\n\n<p>Viel Erfolg in der Schule &#8211; und immer den \u00dcberblick bewahren! \ud83d\ude09<\/p>\n\n\n\n<p><strong>Hinweise:<\/strong><br>Die App l\u00e4uft auf allen Versionen von Android.<br>Auf \u00e4lteren Ger\u00e4ten erscheint nach dem Aufruf der Hauptf\u00e4cher eine Fehlermeldung bzgl. der noch leeren Listen. Diese l\u00e4sst sich mit der Zur\u00fcck-Taste des Handys wegdr\u00fccken (nicht mit dem Button End Application!) und wird nach der ersten eingetragenen Note nicht mehr erscheinen.<br>F\u00fcr die Richtigkeit der Ergebnisse kann keine Verantwortung \u00fcbernommen werden.<\/p>\n\n\n\n<p><em>I. Gollmitzer<\/em><\/p>\n","protected":false},"excerpt":{"rendered":"<p>Das Dossenberger-Gymnasium hat jetzt seine eigene Notenrechner-App. Im Klappmen\u00fc \u00fcber der Noten\u00fcbersicht kann man die F\u00e4cher ausw\u00e4hlen, Noten eintragen und<\/p>\n","protected":false},"author":2,"featured_media":0,"parent":0,"menu_order":0,"comment_status":"closed","ping_status":"closed","template":"","meta":{"colormag_page_container_layout":"default_layout","colormag_page_sidebar_layout":"default_layout","ngg_post_thumbnail":0,"_price":"","_stock":"","_tribe_ticket_header":"","_tribe_default_ticket_provider":"","_tribe_ticket_capacity":"0","_ticket_start_date":"","_ticket_end_date":"","_tribe_ticket_show_description":"","_tribe_ticket_show_not_going":false,"_tribe_ticket_use_global_stock":"","_tribe_ticket_global_stock_level":"","_global_stock_mode":"","_global_stock_cap":"","_tribe_rsvp_for_event":"","_tribe_ticket_going_count":"","_tribe_ticket_not_going_count":"","_tribe_tickets_list":"[]","_tribe_ticket_has_attendee_info_fields":false,"footnotes":"","_tec_slr_enabled":"","_tec_slr_layout":""},"class_list":["post-6943","page","type-page","status-publish","hentry"],"ticketed":false,"_links":{"self":[{"href":"https:\/\/dossenberger.de\/index.php?rest_route=\/wp\/v2\/pages\/6943","targetHints":{"allow":["GET"]}}],"collection":[{"href":"https:\/\/dossenberger.de\/index.php?rest_route=\/wp\/v2\/pages"}],"about":[{"href":"https:\/\/dossenberger.de\/index.php?rest_route=\/wp\/v2\/types\/page"}],"author":[{"embeddable":true,"href":"https:\/\/dossenberger.de\/index.php?rest_route=\/wp\/v2\/users\/2"}],"replies":[{"embeddable":true,"href":"https:\/\/dossenberger.de\/index.php?rest_route=%2Fwp%2Fv2%2Fcomments&post=6943"}],"version-history":[{"count":10,"href":"https:\/\/dossenberger.de\/index.php?rest_route=\/wp\/v2\/pages\/6943\/revisions"}],"predecessor-version":[{"id":6971,"href":"https:\/\/dossenberger.de\/index.php?rest_route=\/wp\/v2\/pages\/6943\/revisions\/6971"}],"wp:attachment":[{"href":"https:\/\/dossenberger.de\/index.php?rest_route=%2Fwp%2Fv2%2Fmedia&parent=6943"}],"curies":[{"name":"wp","href":"https:\/\/api.w.org\/{rel}","templated":true}]}}