{"id":790,"date":"2015-12-29T09:14:29","date_gmt":"2015-12-29T08:14:29","guid":{"rendered":"http:\/\/dossenberger.de\/?page_id=790"},"modified":"2017-03-08T15:05:54","modified_gmt":"2017-03-08T14:05:54","slug":"online-uebungen","status":"publish","type":"page","link":"https:\/\/dossenberger.de\/?page_id=790","title":{"rendered":"Online-\u00dcbungen"},"content":{"rendered":"<p><strong>Links zu Online-\u00dcbungen f\u00fcr das Unterrichtsfach Franz\u00f6sisch<\/strong><\/p>\n<ul>\n<li><a href=\"http:\/\/www.alfred-echtle.de\/\" target=\"_blank\">www.alfred-echtle.de<\/a>&nbsp; \u2013 sehr gute Online \u00dcbungen f\u00fcr alle Klassenstufen<\/li>\n<li><a href=\"http:\/\/www.lernen-mit-spass.ch\/\" target=\"_blank\">http:\/\/www.lernen-mit-spass.ch<\/a><\/li>\n<li><a href=\"http:\/\/www.lepointdufle.net\/p\/franzoesisch-lernen.htm\" target=\"_blank\">http:\/\/www.lepointdufle.net<\/a>&nbsp; \u2013 gute Auswahl an Grammatik\u00fcbungen<\/li>\n<li><a href=\"http:\/\/www.franzoesisch-lehrbuch.de\/grammatik\/inhaltsangabe\/deutsch_franzoesisch_grammatik_inhaltsverzeichnis.htm\" target=\"_blank\">http:\/\/www.franzoesisch-lehrbuch.de<\/a>&nbsp; \u2013 Franz\u00f6sische Grammatik zum Nachlesen mit zahlreichen H\u00f6rbeispielen<\/li>\n<li><a href=\"http:\/\/www.francaisfacile.com\/\" target=\"_blank\">http:\/\/www.francaisfacile.com<\/a>&nbsp; \u2013 Grammatik\u00fcbungen in franz\u00f6sischer Sprache<\/li>\n<li><a href=\"http:\/\/www.franzoesisch-uebungen.de\/\" target=\"_blank\">http:\/\/www.franzoesisch-uebungen.de<\/a>&nbsp; \u2013 \u00dcbersicht \u00fcber alle in der 5. Klasse \u2013 10. Klasse vorkommenden Grammatik-Themen, sortiert nach Themengebieten<\/li>\n<li><a href=\"https:\/\/quizlet.com\/147624746\/schulmaterial-franzosisch-flash-cards\/\" target=\"_blank\">schulmaterial-franzosisch-flash-cards<\/a> \u2013 Quiz zu franz\u00f6sischem Vokabular<\/li>\n<\/ul>\n<p><strong>Links zu Verlagen\/Sprachzeitschriften f\u00fcr das Unterrichtsfach Franz\u00f6sisch:<\/strong><\/p>\n<ul>\n<li><a href=\"http:\/\/www.cornelsen.de\" target=\"_blank\">www.cornelsen.de<\/a>&nbsp; \u2013 Cornelsen Verlag<\/li>\n<li><a href=\"http:\/\/www.klett.de\" target=\"_blank\">www.klett.de<\/a>&nbsp; \u2013 Klett Verlag<\/li>\n<li><a href=\"http:\/\/www.reclame.de\" target=\"_blank\">www.reclam.de<\/a>&nbsp; \u2013 Reclam Verlag<\/li>\n<li><a href=\"http:\/\/www.langenscheidt.de\" target=\"_blank\">www.langenscheidt.de<\/a>&nbsp; \u2013 Langenscheidt Verlag<\/li>\n<li><a href=\"http:\/\/www.ecoute.de\" target=\"_blank\">www.ecoute.de<\/a>&nbsp;&nbsp; \u2013 Ecoute: Empfehlenswerte Sprachzeitschrift, die auch in anderen Sprachen, wie z.B. Englisch, Spanisch und Italienisch erh\u00e4ltlich ist<\/li>\n<li><a href=\"http:\/\/www.sprachzeitungen.de\" target=\"_blank\">www.sprachzeitungen.de<\/a>&nbsp; \u2013 Revue de la presse: Originalartikel aus der frankophonen Presse, 1x monatlich<\/li>\n<\/ul>\n<p><strong>Weitere interessante Links :<\/strong><\/p>\n<ul>\n<li><a href=\"http:\/\/www.tv5.org\">www.tv5.org<\/a>&nbsp; \u2013 Franz\u00f6sischsprachiger Fernsehkanal, der zahlreiche \u00dcbungsmaterialien zur Verf\u00fcgung stellt<\/li>\n<li><a href=\"http:\/\/www.cavilamenligne.com\/\" target=\"_blank\">www.cavilamenligne.com<\/a>&nbsp; \u2013 Umfangreiche Materialien besonders zu Comics und Liedern<\/li>\n<li><a href=\"http:\/\/digitale-schule-bayern.de\/\" target=\"_blank\">digitale-schule-bayern.de<\/a>&nbsp; \u2013 Frei verf\u00fcgbare Materialien von Lehrern f\u00fcr Lehrer, Sch\u00fcler und Eltern<\/li>\n<li><a href=\"http:\/\/www.phase-6.de\/\" target=\"_blank\">www.phase-6.de<\/a>&nbsp; \u2013 Lernstoff aus Klett-Verlag: Sehr empfehlenswerter Vokabeltrainer f\u00fcr&nbsp; alle Sprachen und Schulb\u00fccher.<\/li>\n<li><a href=\"http:\/\/www.cornelsen.de\/francomusiques\/1.c.2744893.de\" target=\"_blank\">http:\/\/www.cornelsen.de\/francomusiques<\/a> \u2013 ausgew\u00e4hlte aktuelle franz\u00f6sische Lieder mit Unterrichtsmaterialien<\/li>\n<li><a href=\"http:\/\/www.dfjw.org\/voltaire-programm\" target=\"_blank\">http:\/\/www.dfjw.org<\/a> \u2013 Sechsmonatsaustausch<\/li>\n<li><a href=\"http:\/\/www.allemagne.campusfrance.org\/\" target=\"_blank\">http:\/\/www.allemagne.campusfrance.org<\/a> &#8211; Studieren in Frankreich<\/li>\n<\/ul>\n<p><em>F. Huber \/ J. Gutzeit<br \/>\n<\/em><\/p>\n","protected":false},"excerpt":{"rendered":"<p>Links zu Online-\u00dcbungen f\u00fcr das Unterrichtsfach Franz\u00f6sisch www.alfred-echtle.de&nbsp; \u2013 sehr gute Online \u00dcbungen f\u00fcr alle Klassenstufen http:\/\/www.lernen-mit-spass.ch http:\/\/www.lepointdufle.net&nbsp; \u2013 gute<\/p>\n","protected":false},"author":1,"featured_media":0,"parent":775,"menu_order":0,"comment_status":"closed","ping_status":"closed","template":"","meta":{"colormag_page_container_layout":"default_layout","colormag_page_sidebar_layout":"default_layout","ngg_post_thumbnail":0,"_price":"","_stock":"","_tribe_ticket_header":"","_tribe_default_ticket_provider":"","_tribe_ticket_capacity":"0","_ticket_start_date":"","_ticket_end_date":"","_tribe_ticket_show_description":"","_tribe_ticket_show_not_going":false,"_tribe_ticket_use_global_stock":"","_tribe_ticket_global_stock_level":"","_global_stock_mode":"","_global_stock_cap":"","_tribe_rsvp_for_event":"","_tribe_ticket_going_count":"","_tribe_ticket_not_going_count":"","_tribe_tickets_list":"[]","_tribe_ticket_has_attendee_info_fields":false,"footnotes":"","_tec_slr_enabled":"","_tec_slr_layout":""},"class_list":["post-790","page","type-page","status-publish","hentry"],"ticketed":false,"_links":{"self":[{"href":"https:\/\/dossenberger.de\/index.php?rest_route=\/wp\/v2\/pages\/790","targetHints":{"allow":["GET"]}}],"collection":[{"href":"https:\/\/dossenberger.de\/index.php?rest_route=\/wp\/v2\/pages"}],"about":[{"href":"https:\/\/dossenberger.de\/index.php?rest_route=\/wp\/v2\/types\/page"}],"author":[{"embeddable":true,"href":"https:\/\/dossenberger.de\/index.php?rest_route=\/wp\/v2\/users\/1"}],"replies":[{"embeddable":true,"href":"https:\/\/dossenberger.de\/index.php?rest_route=%2Fwp%2Fv2%2Fcomments&post=790"}],"version-history":[{"count":8,"href":"https:\/\/dossenberger.de\/index.php?rest_route=\/wp\/v2\/pages\/790\/revisions"}],"predecessor-version":[{"id":3071,"href":"https:\/\/dossenberger.de\/index.php?rest_route=\/wp\/v2\/pages\/790\/revisions\/3071"}],"up":[{"embeddable":true,"href":"https:\/\/dossenberger.de\/index.php?rest_route=\/wp\/v2\/pages\/775"}],"wp:attachment":[{"href":"https:\/\/dossenberger.de\/index.php?rest_route=%2Fwp%2Fv2%2Fmedia&parent=790"}],"curies":[{"name":"wp","href":"https:\/\/api.w.org\/{rel}","templated":true}]}}