{"id":8074,"date":"2019-10-09T14:14:19","date_gmt":"2019-10-09T12:14:19","guid":{"rendered":"https:\/\/dossenberger.de\/?page_id=8074"},"modified":"2025-08-22T08:54:23","modified_gmt":"2025-08-22T06:54:23","slug":"trainingskurse-am-dg","status":"publish","type":"page","link":"https:\/\/dossenberger.de\/?page_id=8074","title":{"rendered":"Trainingskurse am Dossi &#8211; intensiv und individuell"},"content":{"rendered":"\n<h3>Liebe Eltern, liebe Sch\u00fclerinnen und Sch\u00fcler,<\/h3>\n<p>nicht jeder lernt gleich und im selben Tempo. Manchmal braucht es einfach etwas mehr \u00dcbung und Erkl\u00e4rung, um gelernte Inhalte zuverl\u00e4ssig parat zu haben und mit einem sicheren Gef\u00fchl anwenden zu k\u00f6nnen. Deshalb freuen wir uns, dass wir auch dieses Jahr wieder ein umfangreiches Programm an Trainingskursen (in Kleingruppen) und Lernsprechstunden anbieten k\u00f6nnen. Denn es ist uns am Dossenberger-Gymnasium sehr wichtig unsere Sch\u00fclerinnen und Sch\u00fcler intensiv und individuell betreuen zu k\u00f6nnen, um H\u00fcrden im Lernalltag so fr\u00fch als m\u00f6glich effektiv angehen zu k\u00f6nnen. Nichts ist motivierender als Erfolg!<\/p>\n<p><a href=\"https:\/\/dossenberger.de\/?download=14902\">Trainingskurse und Lernsprechstunden &#8230;<\/a><\/p>\n<p>Wenn nicht anders angegeben, beginnen die Angebote in der Woche vom 30. September bis 4. Oktober. Gerne geben unsere Lehrkr\u00e4fte weitere Informationen zu den Kursen und beraten Sie und Ihr Kind. Nat\u00fcrlich stehen Ihnen auch die Schulleitung, unsere Schulpsychologin Frau Rausch und unser Schulberater Herr Kugelmann f\u00fcr eine individuelle Beratung zur Verf\u00fcgung. Sprechen Sie uns an!<\/p>\n<p>Mit freundlichen Gr\u00fc\u00dfen<br><em>Peter Lang, Schulleiter<\/em><\/p>\n","protected":false},"excerpt":{"rendered":"<p>Liebe Eltern, liebe Sch\u00fclerinnen und Sch\u00fcler, nicht jeder lernt gleich und im selben Tempo. Manchmal braucht es einfach etwas mehr<\/p>\n","protected":false},"author":2,"featured_media":0,"parent":2717,"menu_order":0,"comment_status":"closed","ping_status":"closed","template":"","meta":{"colormag_page_container_layout":"default_layout","colormag_page_sidebar_layout":"default_layout","ngg_post_thumbnail":0,"_price":"","_stock":"","_tribe_ticket_header":"","_tribe_default_ticket_provider":"","_tribe_ticket_capacity":"0","_ticket_start_date":"","_ticket_end_date":"","_tribe_ticket_show_description":"","_tribe_ticket_show_not_going":false,"_tribe_ticket_use_global_stock":"","_tribe_ticket_global_stock_level":"","_global_stock_mode":"","_global_stock_cap":"","_tribe_rsvp_for_event":"","_tribe_ticket_going_count":"","_tribe_ticket_not_going_count":"","_tribe_tickets_list":"[]","_tribe_ticket_has_attendee_info_fields":false,"footnotes":"","_tec_slr_enabled":"","_tec_slr_layout":""},"class_list":["post-8074","page","type-page","status-publish","hentry"],"ticketed":false,"_links":{"self":[{"href":"https:\/\/dossenberger.de\/index.php?rest_route=\/wp\/v2\/pages\/8074","targetHints":{"allow":["GET"]}}],"collection":[{"href":"https:\/\/dossenberger.de\/index.php?rest_route=\/wp\/v2\/pages"}],"about":[{"href":"https:\/\/dossenberger.de\/index.php?rest_route=\/wp\/v2\/types\/page"}],"author":[{"embeddable":true,"href":"https:\/\/dossenberger.de\/index.php?rest_route=\/wp\/v2\/users\/2"}],"replies":[{"embeddable":true,"href":"https:\/\/dossenberger.de\/index.php?rest_route=%2Fwp%2Fv2%2Fcomments&post=8074"}],"version-history":[{"count":3,"href":"https:\/\/dossenberger.de\/index.php?rest_route=\/wp\/v2\/pages\/8074\/revisions"}],"predecessor-version":[{"id":14904,"href":"https:\/\/dossenberger.de\/index.php?rest_route=\/wp\/v2\/pages\/8074\/revisions\/14904"}],"up":[{"embeddable":true,"href":"https:\/\/dossenberger.de\/index.php?rest_route=\/wp\/v2\/pages\/2717"}],"wp:attachment":[{"href":"https:\/\/dossenberger.de\/index.php?rest_route=%2Fwp%2Fv2%2Fmedia&parent=8074"}],"curies":[{"name":"wp","href":"https:\/\/api.w.org\/{rel}","templated":true}]}}