{"id":893,"date":"2015-12-30T08:28:09","date_gmt":"2015-12-30T07:28:09","guid":{"rendered":"http:\/\/dossenberger.de\/?page_id=893"},"modified":"2015-12-30T08:28:25","modified_gmt":"2015-12-30T07:28:25","slug":"selbstevaluation","status":"publish","type":"page","link":"https:\/\/dossenberger.de\/?page_id=893","title":{"rendered":"Selbstevaluation"},"content":{"rendered":"<h2>Italienisch oder Spanisch als sp\u00e4teinsetzende Fremdsprache?<\/h2>\n<p>Beantworte die folgenden Fragen ehrlich:<\/p>\n<table border=\"0\">\n<tbody>\n<tr>\n<td>1.<\/td>\n<td>Bist du neugierig auf fremde L\u00e4nder und fremde Kulturen?<\/td>\n<td style=\"width: 100px;\" align=\"left\">a) <strong><span style=\"color: #3366ff;\">ja<\/span><\/strong><br \/>\nb) <strong><span style=\"color: #ff0000;\">nein<\/span><\/strong><\/td>\n<\/tr>\n<tr>\n<td>2.<\/td>\n<td>Hast du bei neuen Grammatikthemen Lust, die Regel dazu herauszufinden?<\/td>\n<td>a) <strong><span style=\"color: #3366ff;\">ja<\/span><\/strong><br \/>\nb) <strong><span style=\"color: #ff0000;\">nein<\/span><\/strong><\/td>\n<\/tr>\n<tr>\n<td>3.<\/td>\n<td>Ist es dir unangenehm, einen fremdsprachlichen Text laut vorzulesen?<\/td>\n<td>a) <strong><span style=\"color: #ff0000;\">nein<\/span><\/strong><br \/>\nb) <strong><span style=\"color: #3366ff;\">ja<\/span><\/strong><\/td>\n<\/tr>\n<tr>\n<td>4.<\/td>\n<td>Du hasst es, Vokabeln zu lernen.<\/td>\n<td>a) <strong><span style=\"color: #ff0000;\">nein<\/span><\/strong><br \/>\nb) <strong><span style=\"color: #3366ff;\">ja<\/span><\/strong><\/td>\n<\/tr>\n<tr>\n<td>5.<\/td>\n<td>Du willst endlich eine, dir sehr unangenehme Fremdsprache abw\u00e4hlen und hoffst, dass es mit weniger Aufwand und Stress im neuen Fach losgeht.<\/td>\n<td>a) <strong><span style=\"color: #ff0000;\">nein<\/span><\/strong><br \/>\nb) <strong><span style=\"color: #3366ff;\">ja<\/span><\/strong><\/td>\n<\/tr>\n<tr>\n<td>6.<\/td>\n<td>Du hast Lust, fremde Laute (z. B. ein rollendes \u201eR\u201c) auszuprobieren und mit deiner Aussprache zu experimentieren.<\/td>\n<td>a) <strong><span style=\"color: #3366ff;\">ja<\/span><\/strong><br \/>\nb) <strong><span style=\"color: #ff0000;\">nein<\/span><\/strong><\/td>\n<\/tr>\n<tr>\n<td>7.<\/td>\n<td>Es macht dir nichts aus, auf fremde Menschen zuzugehen und mit ihnen ein Gespr\u00e4ch zu beginnen.<\/td>\n<td>a) <strong><span style=\"color: #ff0000;\">nein<\/span><\/strong><br \/>\nb) <strong><span style=\"color: #3366ff;\">ja<\/span><\/strong><\/td>\n<\/tr>\n<tr>\n<td>8.<\/td>\n<td>Du hast in deinen bisher gew\u00e4hlten Fremdspachen \u201eKatastrophennoten\u201c.<\/td>\n<td>a) <strong><span style=\"color: #ff0000;\">nein<\/span><\/strong><br \/>\nb) <strong><span style=\"color: #3366ff;\">ja<\/span><\/strong><\/td>\n<\/tr>\n<tr>\n<td>9.<\/td>\n<td>Du willst eine weitere Fremdsprache erlernen, weil du die Anzahl deiner Sprachkenntnisse erweitern m\u00f6chtest.<\/td>\n<td>a) <strong><span style=\"color: #3366ff;\">ja<\/span><\/strong><br \/>\nb) <strong><span style=\"color: #ff0000;\">nein<\/span><\/strong><\/td>\n<\/tr>\n<\/tbody>\n<\/table>\n<p>Hast du \u00f6fter als vier mal mit b) geantwortet, so empfehlen wir dir, die Wahl einer sp\u00e4teinsetzenden Fremdsprache noch mal gr\u00fcndlich zu \u00fcberdenken.<\/p>\n<p>F\u00fcr ein kl\u00e4rendes, pers\u00f6nliches Gespr\u00e4ch stehen wir gerne zur Verf\u00fcgung.<\/p>\n<p>Solltest du \u00fcberwiegend mit a) geantwortet haben und noch Spanisch oder Italienisch lernen wollen, so begr\u00fc\u00dfen wir dich gerne im n\u00e4chsten Jahr im neuen Fach<\/p>\n<p><em>Ci vediamo \/ Hasta luego<\/em><br \/>\n<em>Fachschaft Italienisch \/ Spanisch<\/em><\/p>\n","protected":false},"excerpt":{"rendered":"<p>Italienisch oder Spanisch als sp\u00e4teinsetzende Fremdsprache? Beantworte die folgenden Fragen ehrlich: 1. Bist du neugierig auf fremde L\u00e4nder und fremde<\/p>\n","protected":false},"author":1,"featured_media":0,"parent":843,"menu_order":0,"comment_status":"closed","ping_status":"closed","template":"","meta":{"colormag_page_container_layout":"default_layout","colormag_page_sidebar_layout":"default_layout","ngg_post_thumbnail":0,"_price":"","_stock":"","_tribe_ticket_header":"","_tribe_default_ticket_provider":"","_tribe_ticket_capacity":"0","_ticket_start_date":"","_ticket_end_date":"","_tribe_ticket_show_description":"","_tribe_ticket_show_not_going":false,"_tribe_ticket_use_global_stock":"","_tribe_ticket_global_stock_level":"","_global_stock_mode":"","_global_stock_cap":"","_tribe_rsvp_for_event":"","_tribe_ticket_going_count":"","_tribe_ticket_not_going_count":"","_tribe_tickets_list":"[]","_tribe_ticket_has_attendee_info_fields":false,"footnotes":"","_tec_slr_enabled":"","_tec_slr_layout":""},"class_list":["post-893","page","type-page","status-publish","hentry"],"ticketed":false,"_links":{"self":[{"href":"https:\/\/dossenberger.de\/index.php?rest_route=\/wp\/v2\/pages\/893","targetHints":{"allow":["GET"]}}],"collection":[{"href":"https:\/\/dossenberger.de\/index.php?rest_route=\/wp\/v2\/pages"}],"about":[{"href":"https:\/\/dossenberger.de\/index.php?rest_route=\/wp\/v2\/types\/page"}],"author":[{"embeddable":true,"href":"https:\/\/dossenberger.de\/index.php?rest_route=\/wp\/v2\/users\/1"}],"replies":[{"embeddable":true,"href":"https:\/\/dossenberger.de\/index.php?rest_route=%2Fwp%2Fv2%2Fcomments&post=893"}],"version-history":[{"count":2,"href":"https:\/\/dossenberger.de\/index.php?rest_route=\/wp\/v2\/pages\/893\/revisions"}],"predecessor-version":[{"id":895,"href":"https:\/\/dossenberger.de\/index.php?rest_route=\/wp\/v2\/pages\/893\/revisions\/895"}],"up":[{"embeddable":true,"href":"https:\/\/dossenberger.de\/index.php?rest_route=\/wp\/v2\/pages\/843"}],"wp:attachment":[{"href":"https:\/\/dossenberger.de\/index.php?rest_route=%2Fwp%2Fv2%2Fmedia&parent=893"}],"curies":[{"name":"wp","href":"https:\/\/api.w.org\/{rel}","templated":true}]}}