{"id":897,"date":"2015-12-30T08:29:11","date_gmt":"2015-12-30T07:29:11","guid":{"rendered":"http:\/\/dossenberger.de\/?page_id=897"},"modified":"2015-12-30T08:33:32","modified_gmt":"2015-12-30T07:33:32","slug":"besonderheiten","status":"publish","type":"page","link":"https:\/\/dossenberger.de\/?page_id=897","title":{"rendered":"Besonderheiten"},"content":{"rendered":"<p>Wer eine sp\u00e4teinsetzende Fremdsprache w\u00e4hlt, sollte aber auf Folgendes achten:<\/p>\n<table>\n<tbody>\n<tr>\n<td style=\"vertical-align: top;\"><strong>Konsequenzen f\u00fcr die Oberstufe<\/strong><\/p>\n<ul>\n<li>Belegung von der 10. Klasse (4-st\u00fcndig) \u00fcber die Q11 und Q12 (3-st\u00fcndig) bis zum Abitur<\/li>\n<li>Einbringung von mindestens 3 Semestern (Halbjahre)<\/li>\n<li>Fremdsprache als f\u00fcnftes Abiturfach m\u00f6glich (nur als Kolloquium, also M\u00fcndlich m\u00f6glich, dann Einbringung von 4 Semestern)<\/li>\n<li>Profil ist weitestgehend festgelegt<\/li>\n<li>Teilnahme an einem P-Seminar (mit Profilfach Italienisch m\u00f6glich)<\/li>\n<li>Schulwechsel nur an eine Folgeschule mit derselben sp\u00e4teinsetzenden Fremdsprache<\/li>\n<\/ul>\n<\/td>\n<td style=\"vertical-align: top;\"><img loading=\"lazy\" decoding=\"async\" class=\"alignright wp-image-900\" src=\"https:\/\/dossenberger.de\/wp-content\/uploads\/2015\/12\/hand.jpg\" alt=\"hand\" width=\"157\" height=\"209\" srcset=\"https:\/\/dossenberger.de\/wp-content\/uploads\/2015\/12\/hand.jpg 250w, https:\/\/dossenberger.de\/wp-content\/uploads\/2015\/12\/hand-225x300.jpg 225w\" sizes=\"auto, (max-width: 157px) 100vw, 157px\" \/><\/td>\n<\/tr>\n<\/tbody>\n<\/table>\n<p><strong>Wichtige Hinweise<\/strong><\/p>\n<p>Man sollte keine sp\u00e4teinsetzende Fremsprache w\u00e4hlen, wenn \u2026<\/p>\n<p>\u2026 man deutliche Schwierigkeiten in den bisherigen Fremsprachen hat<br \/>\n\u2026 man nur eine andere Fremdsprache als Entscheidungsmotiv vermeiden m\u00f6chte<\/p>\n<p><img loading=\"lazy\" decoding=\"async\" class=\"aligncenter wp-image-902\" src=\"https:\/\/dossenberger.de\/wp-content\/uploads\/2015\/12\/schildkroete.jpg\" alt=\"schildkroete\" width=\"328\" height=\"244\" srcset=\"https:\/\/dossenberger.de\/wp-content\/uploads\/2015\/12\/schildkroete.jpg 451w, https:\/\/dossenberger.de\/wp-content\/uploads\/2015\/12\/schildkroete-300x223.jpg 300w\" sizes=\"auto, (max-width: 328px) 100vw, 328px\" \/><\/p>\n<p>Wenn aber ein Sch\u00fcler Flei\u00df, Talent, Neugierde und Motivation mitbringt und seine pers\u00f6nliche Qualifikation ausbauen m\u00f6chte, dann ist er bei uns genau richtig.<\/p>\n<p>M\u00f6chtest Du Dich selbst testen?\u00a0 <a href=\"https:\/\/dossenberger.de\/?page_id=893\">Test<\/a><\/p>\n<p><em>Brosig<\/em><\/p>\n","protected":false},"excerpt":{"rendered":"<p>Wer eine sp\u00e4teinsetzende Fremdsprache w\u00e4hlt, sollte aber auf Folgendes achten: Konsequenzen f\u00fcr die Oberstufe Belegung von der 10. Klasse (4-st\u00fcndig)<\/p>\n","protected":false},"author":1,"featured_media":0,"parent":843,"menu_order":0,"comment_status":"closed","ping_status":"closed","template":"","meta":{"colormag_page_container_layout":"default_layout","colormag_page_sidebar_layout":"default_layout","ngg_post_thumbnail":0,"_price":"","_stock":"","_tribe_ticket_header":"","_tribe_default_ticket_provider":"","_tribe_ticket_capacity":"0","_ticket_start_date":"","_ticket_end_date":"","_tribe_ticket_show_description":"","_tribe_ticket_show_not_going":false,"_tribe_ticket_use_global_stock":"","_tribe_ticket_global_stock_level":"","_global_stock_mode":"","_global_stock_cap":"","_tribe_rsvp_for_event":"","_tribe_ticket_going_count":"","_tribe_ticket_not_going_count":"","_tribe_tickets_list":"[]","_tribe_ticket_has_attendee_info_fields":false,"footnotes":"","_tec_slr_enabled":"","_tec_slr_layout":""},"class_list":["post-897","page","type-page","status-publish","hentry"],"ticketed":false,"_links":{"self":[{"href":"https:\/\/dossenberger.de\/index.php?rest_route=\/wp\/v2\/pages\/897","targetHints":{"allow":["GET"]}}],"collection":[{"href":"https:\/\/dossenberger.de\/index.php?rest_route=\/wp\/v2\/pages"}],"about":[{"href":"https:\/\/dossenberger.de\/index.php?rest_route=\/wp\/v2\/types\/page"}],"author":[{"embeddable":true,"href":"https:\/\/dossenberger.de\/index.php?rest_route=\/wp\/v2\/users\/1"}],"replies":[{"embeddable":true,"href":"https:\/\/dossenberger.de\/index.php?rest_route=%2Fwp%2Fv2%2Fcomments&post=897"}],"version-history":[{"count":5,"href":"https:\/\/dossenberger.de\/index.php?rest_route=\/wp\/v2\/pages\/897\/revisions"}],"predecessor-version":[{"id":905,"href":"https:\/\/dossenberger.de\/index.php?rest_route=\/wp\/v2\/pages\/897\/revisions\/905"}],"up":[{"embeddable":true,"href":"https:\/\/dossenberger.de\/index.php?rest_route=\/wp\/v2\/pages\/843"}],"wp:attachment":[{"href":"https:\/\/dossenberger.de\/index.php?rest_route=%2Fwp%2Fv2%2Fmedia&parent=897"}],"curies":[{"name":"wp","href":"https:\/\/api.w.org\/{rel}","templated":true}]}}