{"id":9151,"date":"2020-04-30T14:47:16","date_gmt":"2020-04-30T12:47:16","guid":{"rendered":"https:\/\/dossenberger.de\/?page_id=9151"},"modified":"2020-04-30T14:48:40","modified_gmt":"2020-04-30T12:48:40","slug":"liebe-schuelerinnen-und-schueler-liebe-eltern","status":"publish","type":"page","link":"https:\/\/dossenberger.de\/?page_id=9151","title":{"rendered":"Liebe Sch\u00fclerinnen und Sch\u00fcler, liebe Eltern!"},"content":{"rendered":"\n<p>Zur Sicherung des Grundwissens im Fach Franz\u00f6sisch stelle ich gerne meine selbst geschriebenen Apps zur Verf\u00fcgung. Gerade in der momentanen Lage kann das eine sehr gute Unterst\u00fctzung sein, um sprachlich fit und in Form zu bleiben.<\/p>\n<p>Auf der Seite <a href=\"https:\/\/appgradeyourbrain.de\/apps\" target=\"_blank\" rel=\"noopener noreferrer\">https:\/\/appgradeyourbrain.de\/apps<\/a> befinden sich folgende \u00dcbungs-Apps zum Downloaden:<\/p>\n<p><strong>F\u00fcr die Jgst. 6 \u2013 9 (G8):<\/strong><br>Vokabeltrainer nach Lernjahren sortiert (Apps Nr. 5 \u2013 8)<\/p>\n<p><strong>F\u00fcr Jgst. 6 bis 12 (G8 und G9):<\/strong><br>Verbenheft: Verbformen nachschlagen und selbst \u00fcben, Formenbaukasten zur Zeitenbildung (App Nr. 11)<\/p>\n<p><strong>Ab Jgst. 8:<\/strong><br>Formentrainer: ein Spiel, bei dem in 60 Sekunden so viele Formen wie m\u00f6glich zugeordnet werden m\u00fcssen \u2013 mit Highscoreliste<\/p>\n<p>&nbsp;<\/p>\n<h4><strong>Anmerkungen<\/strong><\/h4>\n<p>Da meine Apps nicht im offiziellen Playstore sind, kann es passieren, dass die Sicherheitseinstellungen des Betriebssystems es erforderlich machen, einmalig die Installation aus unbekannter Quelle zu erlauben.<\/p>\n<p>Die Apps laufen auf Android, leider (noch) nicht auf iOS. Das Verbenheft f\u00fcr iOS ist aber in Arbeit &#8211; wiederkommen lohnt sich also!<\/p>\n<p>Vielen Dank an Andreas Fink, den Eigent\u00fcmer der Seite, f\u00fcrs Bereitstellen!<\/p>\n<p><em>Iris Gollmitzer<\/em><\/p>\n","protected":false},"excerpt":{"rendered":"<p>Zur Sicherung des Grundwissens im Fach Franz\u00f6sisch stelle ich gerne meine selbst geschriebenen Apps zur Verf\u00fcgung. Gerade in der momentanen<\/p>\n","protected":false},"author":2,"featured_media":0,"parent":775,"menu_order":0,"comment_status":"closed","ping_status":"closed","template":"","meta":{"colormag_page_container_layout":"default_layout","colormag_page_sidebar_layout":"default_layout","ngg_post_thumbnail":0,"_price":"","_stock":"","_tribe_ticket_header":"","_tribe_default_ticket_provider":"","_tribe_ticket_capacity":"0","_ticket_start_date":"","_ticket_end_date":"","_tribe_ticket_show_description":"","_tribe_ticket_show_not_going":false,"_tribe_ticket_use_global_stock":"","_tribe_ticket_global_stock_level":"","_global_stock_mode":"","_global_stock_cap":"","_tribe_rsvp_for_event":"","_tribe_ticket_going_count":"","_tribe_ticket_not_going_count":"","_tribe_tickets_list":"[]","_tribe_ticket_has_attendee_info_fields":false,"footnotes":"","_tec_slr_enabled":"","_tec_slr_layout":""},"class_list":["post-9151","page","type-page","status-publish","hentry"],"ticketed":false,"_links":{"self":[{"href":"https:\/\/dossenberger.de\/index.php?rest_route=\/wp\/v2\/pages\/9151","targetHints":{"allow":["GET"]}}],"collection":[{"href":"https:\/\/dossenberger.de\/index.php?rest_route=\/wp\/v2\/pages"}],"about":[{"href":"https:\/\/dossenberger.de\/index.php?rest_route=\/wp\/v2\/types\/page"}],"author":[{"embeddable":true,"href":"https:\/\/dossenberger.de\/index.php?rest_route=\/wp\/v2\/users\/2"}],"replies":[{"embeddable":true,"href":"https:\/\/dossenberger.de\/index.php?rest_route=%2Fwp%2Fv2%2Fcomments&post=9151"}],"version-history":[{"count":2,"href":"https:\/\/dossenberger.de\/index.php?rest_route=\/wp\/v2\/pages\/9151\/revisions"}],"predecessor-version":[{"id":9153,"href":"https:\/\/dossenberger.de\/index.php?rest_route=\/wp\/v2\/pages\/9151\/revisions\/9153"}],"up":[{"embeddable":true,"href":"https:\/\/dossenberger.de\/index.php?rest_route=\/wp\/v2\/pages\/775"}],"wp:attachment":[{"href":"https:\/\/dossenberger.de\/index.php?rest_route=%2Fwp%2Fv2%2Fmedia&parent=9151"}],"curies":[{"name":"wp","href":"https:\/\/api.w.org\/{rel}","templated":true}]}}