{"id":93,"date":"2015-12-25T17:40:08","date_gmt":"2015-12-25T16:40:08","guid":{"rendered":"http:\/\/dossenberger.de\/?page_id=93"},"modified":"2017-11-27T17:09:18","modified_gmt":"2017-11-27T16:09:18","slug":"nuetzliche-links","status":"publish","type":"page","link":"https:\/\/dossenberger.de\/?page_id=93","title":{"rendered":"N\u00fctzliche Links"},"content":{"rendered":"<p><strong>Bayerisches Staatsministerium f\u00fcr Bildung und Kultus, Wissenschaft und Kunst<\/strong><\/p>\n<p>Interessante Links f\u00fcr Sch\u00fclerinnen und Sch\u00fcler:<\/p>\n<ul>\n<li><a href=\"http:\/\/www.km.bayern.de\/schueler\/schularten\/uebertrittschulartwechsel.html\" target=\"_blank\" rel=\"noopener\">Informationen zum \u00dcbertritt oder Schulartwechsel<\/a><\/li>\n<li><a href=\"http:\/\/www.km.bayern.de\/schueler\/was-tun-bei.html\" target=\"_blank\" rel=\"noopener\">Hilfestellung und Kontakte bei schulischen oder pers\u00f6nlichen Problemen<\/a><\/li>\n<li><a href=\"http:\/\/www.gymnasiale-oberstufe.bayern.de\/\" target=\"_blank\" rel=\"noopener\">Wichtige Informationen auf dem Weg zum Abitur<\/a><\/li>\n<\/ul>\n<p>Interessante Links f\u00fcr Eltern:<\/p>\n<ul>\n<li><a href=\"http:\/\/www.km.bayern.de\/eltern\/schule-und-mehr\/elternbeirat.html\" target=\"_blank\" rel=\"noopener\">Festlegungen zur Arbeit des Elternbeirats<\/a><\/li>\n<li><a href=\"http:\/\/www.km.bayern.de\/eltern\/schularten.html\" target=\"_blank\" rel=\"noopener\">Das bayerische Schulsystem im \u00dcberblick<\/a><\/li>\n<li><a href=\"http:\/\/www.km.bayern.de\/eltern\/schule-und-familie.html\" target=\"_blank\" rel=\"noopener\">Informationen zur Vereinbarkeit von Schule und Beruf<\/a><\/li>\n<li><a href=\"http:\/\/www.km.bayern.de\/eltern\/was-tun-bei\/rechte-und-pflichten.html\" target=\"_blank\" rel=\"noopener\">Rechte und Pflichten der Eltern gegen\u00fcber der Schule<\/a><\/li>\n<\/ul>\n<p>Gleicherma\u00dfen hilfreich f\u00fcr Sch\u00fclerinnen und Sch\u00fcler sowie Eltern ist der<br \/>\n<a href=\"http:\/\/www.mein-bildungsweg.de\/\" target=\"_blank\" rel=\"noopener\">interaktive Bildungswegplaner<\/a>.<\/p>\n<p>Interessante Links f\u00fcr Lehrkr\u00e4fte:<\/p>\n<ul>\n<li><a href=\"http:\/\/www.km.bayern.de\/lehrer\/dienst-und-beschaeftigungsverhaeltnis.html\" target=\"_blank\" rel=\"noopener\">Informationen zum Dienst- und Besch\u00e4ftigungsverh\u00e4ltnis und wichtige Formulare<\/a><\/li>\n<li><a href=\"http:\/\/www.km.bayern.de\/lehrer\/stellen.html\" target=\"_blank\" rel=\"noopener\">Freie Stellen und Einstellungsm\u00f6glichkeiten<\/a><\/li>\n<li><a href=\"http:\/\/www.km.bayern.de\/lehrer\/unterricht-und-schulleben\/wettbewerbe.html\" target=\"_blank\" rel=\"noopener\">Aktuelle Wettbewerbe<\/a><\/li>\n<\/ul>\n<p>Informationen von Kultusminister Ludwig Spaenle zur <a href=\"http:\/\/www.km.bayern.de\/individuelle-lernzeit-gym\">Individuellen Lernzeit am Gymnasium<\/a>.<\/p>\n<table>\n<tbody>\n<tr>\n<td><a href=\"http:\/\/www.km.bayern.de\/\" target=\"_blank\" rel=\"noopener\"><img loading=\"lazy\" decoding=\"async\" class=\"alignleft wp-image-90\" src=\"https:\/\/dossenberger.de\/wp-content\/uploads\/2015\/12\/km.jpg\" alt=\"km\" width=\"276\" height=\"64\" srcset=\"https:\/\/dossenberger.de\/wp-content\/uploads\/2015\/12\/km.jpg 353w, https:\/\/dossenberger.de\/wp-content\/uploads\/2015\/12\/km-300x70.jpg 300w\" sizes=\"auto, (max-width: 276px) 100vw, 276px\" \/><\/a><\/td>\n<\/tr>\n<\/tbody>\n<\/table>\n<p>&nbsp;<\/p>\n<p><strong>Datenschutz<\/strong><\/p>\n<ul>\n<li><a href=\"https:\/\/www.youngdata.de\/\" target=\"_blank\" rel=\"noopener\">Young Data<\/a> &#8211; Jugendportal zum Datenschutz<\/li>\n<\/ul>\n<p>&nbsp;<\/p>\n<p>&nbsp;<\/p>\n<p><strong>Medienerziehung<\/strong><\/p>\n<ul>\n<li><a href=\"http:\/\/www.polizei-beratung.de\/\" target=\"_blank\" rel=\"noopener\">www.polizei-beratung.de<\/a> &#8211; polizeiliche Kriminalpr\u00e4vention<\/li>\n<li><a href=\"http:\/\/www.klicksafe.de\/\" target=\"_blank\" rel=\"noopener\">www.klicksafe.de<\/a> &#8211; EU-Initiative f\u00fcr mehr Sicherheit im Netz<\/li>\n<li><a href=\"http:\/\/www.bundesnetzagentur.de\/DE\/Home\/home_node.html\" target=\"_blank\" rel=\"noopener\">Bundesnetzagentur<\/a><\/li>\n<li><a href=\"https:\/\/www.bsi.bund.de\/DE\/Home\/home_node.html\" target=\"_blank\" rel=\"noopener\">Bundesamt f\u00fcr Sicherheit in der Informationstechnik<\/a><\/li>\n<li><a href=\"http:\/\/www.spielbar.de\/neu\/\" target=\"_blank\" rel=\"noopener\">www.spielbar.de<\/a> &#8211; von der Bundeszentrale f\u00fcr politische Bildung<\/li>\n<li><a href=\"http:\/\/www.bayern.jugendschutz.de\/ajbayern\/default.aspx\" target=\"_blank\" rel=\"noopener\">Aktion Jugendschutz<\/a> &#8211; Landesarbeitsstelle Bayern e. V.<\/li>\n<li><a href=\"http:\/\/polizeif\u00fcrdich.de\/\" target=\"_blank\" rel=\"noopener\">time4teen<\/a> &#8211; Internetangebot der Polizeilichen Kriminalpr\u00e4vention<\/li>\n<li><a href=\"http:\/\/www.lizzynet.de\/\" target=\"_blank\" rel=\"noopener\">LizzyNet<\/a> &#8211; betreute Community f\u00fcr M\u00e4dchen und junge Frauen.<\/li>\n<li><a href=\"http:\/\/www.youngavenue.de\/\" target=\"_blank\" rel=\"noopener\">youngAvenue<\/a> &#8211; nicht-kommerzielle, interaktive Information und Beratung f\u00fcr Kinder und Jugendliche<\/li>\n<li><a href=\"http:\/\/www.dasding.de\/home\/-\/id=236\/1tqw1w7\/index.html\" target=\"_blank\" rel=\"noopener\">DASDING Live. Laut. L\u00e4ssig.<\/a> &#8211; Jugendangebot des S\u00fcdwestrundfunk<\/li>\n<li><a href=\"http:\/\/www.scoolz.de\/\" target=\"_blank\" rel=\"noopener\">SCoolZ<\/a> &#8211; das Sch\u00fclermagazin<\/li>\n<li><a href=\"http:\/\/www.wasistwas.de\/\" target=\"_blank\" rel=\"noopener\">Was ist was<\/a><\/li>\n<li><a href=\"http:\/\/www.handywissen.info\/\" target=\"_blank\" rel=\"noopener\">handywissen.info<\/a> &#8211; von der Landesstelle Kinder- und Jugendschutz Sachsen-Anhalt e.V.<\/li>\n<li><a href=\"https:\/\/irights.info\/\" target=\"_blank\" rel=\"noopener\">iRight.info<\/a> &#8211; Urheberrecht und kreatives schaffen in der digitalen Welt<\/li>\n<\/ul>\n<p>&nbsp;<\/p>\n<p>&nbsp;<\/p>\n<p><strong>Allgemeines<\/strong><\/p>\n<table>\n<tbody>\n<tr>\n<td><a href=\"http:\/\/www.isb.bayern.de\/\" target=\"_blank\" rel=\"noopener\"><img loading=\"lazy\" decoding=\"async\" class=\"alignleft wp-image-95\" src=\"https:\/\/dossenberger.de\/wp-content\/uploads\/2015\/12\/isb.jpg\" alt=\"isb\" width=\"274\" height=\"68\" srcset=\"https:\/\/dossenberger.de\/wp-content\/uploads\/2015\/12\/isb.jpg 419w, https:\/\/dossenberger.de\/wp-content\/uploads\/2015\/12\/isb-300x74.jpg 300w\" sizes=\"auto, (max-width: 274px) 100vw, 274px\" \/><\/a><\/td>\n<td><a href=\"http:\/\/www.km.bayern.de\/ministerium\/institutionen\/ministerialbeauftragte-gymnasium.html\" target=\"_blank\" rel=\"noopener\"><img loading=\"lazy\" decoding=\"async\" class=\"alignleft wp-image-97\" src=\"https:\/\/dossenberger.de\/wp-content\/uploads\/2015\/12\/bgn.jpg\" alt=\"bgn\" width=\"325\" height=\"63\" srcset=\"https:\/\/dossenberger.de\/wp-content\/uploads\/2015\/12\/bgn.jpg 454w, https:\/\/dossenberger.de\/wp-content\/uploads\/2015\/12\/bgn-300x58.jpg 300w\" sizes=\"auto, (max-width: 325px) 100vw, 325px\" \/><\/a><\/td>\n<\/tr>\n<\/tbody>\n<\/table>\n","protected":false},"excerpt":{"rendered":"<p>Bayerisches Staatsministerium f\u00fcr Bildung und Kultus, Wissenschaft und Kunst Interessante Links f\u00fcr Sch\u00fclerinnen und Sch\u00fcler: Informationen zum \u00dcbertritt oder Schulartwechsel<\/p>\n","protected":false},"author":1,"featured_media":0,"parent":0,"menu_order":0,"comment_status":"closed","ping_status":"closed","template":"","meta":{"colormag_page_container_layout":"default_layout","colormag_page_sidebar_layout":"default_layout","ngg_post_thumbnail":0,"_price":"","_stock":"","_tribe_ticket_header":"","_tribe_default_ticket_provider":"","_tribe_ticket_capacity":"0","_ticket_start_date":"","_ticket_end_date":"","_tribe_ticket_show_description":"","_tribe_ticket_show_not_going":false,"_tribe_ticket_use_global_stock":"","_tribe_ticket_global_stock_level":"","_global_stock_mode":"","_global_stock_cap":"","_tribe_rsvp_for_event":"","_tribe_ticket_going_count":"","_tribe_ticket_not_going_count":"","_tribe_tickets_list":"[]","_tribe_ticket_has_attendee_info_fields":false,"footnotes":"","_tec_slr_enabled":"","_tec_slr_layout":""},"class_list":["post-93","page","type-page","status-publish","hentry"],"ticketed":false,"_links":{"self":[{"href":"https:\/\/dossenberger.de\/index.php?rest_route=\/wp\/v2\/pages\/93","targetHints":{"allow":["GET"]}}],"collection":[{"href":"https:\/\/dossenberger.de\/index.php?rest_route=\/wp\/v2\/pages"}],"about":[{"href":"https:\/\/dossenberger.de\/index.php?rest_route=\/wp\/v2\/types\/page"}],"author":[{"embeddable":true,"href":"https:\/\/dossenberger.de\/index.php?rest_route=\/wp\/v2\/users\/1"}],"replies":[{"embeddable":true,"href":"https:\/\/dossenberger.de\/index.php?rest_route=%2Fwp%2Fv2%2Fcomments&post=93"}],"version-history":[{"count":12,"href":"https:\/\/dossenberger.de\/index.php?rest_route=\/wp\/v2\/pages\/93\/revisions"}],"predecessor-version":[{"id":4304,"href":"https:\/\/dossenberger.de\/index.php?rest_route=\/wp\/v2\/pages\/93\/revisions\/4304"}],"wp:attachment":[{"href":"https:\/\/dossenberger.de\/index.php?rest_route=%2Fwp%2Fv2%2Fmedia&parent=93"}],"curies":[{"name":"wp","href":"https:\/\/api.w.org\/{rel}","templated":true}]}}